{"id":2996,"date":"2023-09-11T19:54:27","date_gmt":"2023-09-11T17:54:27","guid":{"rendered":"https:\/\/formujemeplzen.zcu.cz\/faculty-of-health-care-studies\/"},"modified":"2025-10-27T17:57:22","modified_gmt":"2025-10-27T16:57:22","slug":"fhcs","status":"publish","type":"page","link":"https:\/\/formujemeplzen.zcu.cz\/en\/fhcs\/","title":{"rendered":"Faculty of Health Care Studies"},"content":{"rendered":"\n<div id=\"uvod\" class=\"wp-block-uagb-container uagb-block-fd908999 alignfull uagb-is-root-container\"><div class=\"uagb-container-inner-blocks-wrap\">\n<h1 class=\"wp-block-heading instituce-hero has-palette-color-6-color has-text-color\">Faculty of Health Care Studies<\/h1>\n\n\n\n<p class=\"instituce-description\">We are preparing you for a&nbsp;career that has a&nbsp;future. We&#8217;re helping you become an indispensable part of the healthcare infrastructure and a&nbsp;mainstay of the health system.  <\/p>\n<\/div><\/div>\n\n<div id=\"0\" class=\"wp-block-uagb-container uagb-block-66db18c4 alignfull uagb-is-root-container\"><div class=\"uagb-container-inner-blocks-wrap\">\n<h2 class=\"wp-block-heading\">How do we influence the city and the region?<\/h2>\n\n\n\n<ul class=\"q-list\">\n<li>So far, we have added 2,274 people to the ranks of non-medical professions. They are involved in physiotherapy, occupational therapy, orthotics-prosthetics, general nursing, midwifery or radiology, paramedicine or laboratory diagnostics. <\/li>\n\n\n\n<li>We educate our future colleagues from kindergarten age, not forgetting those who have had a&nbsp;more <a href=\"https:\/\/info.zcu.cz\/clanek.jsp?id=5387&amp;lang=cs\" target=\"_blank\" rel=\"noreferrer noopener\">difficult start in life<\/a>, but may one day be great paramedics or rescuers or kind midwives or assistants. <\/li>\n\n\n\n<li>We do not forget about the <a href=\"https:\/\/info.zcu.cz\/clanek.jsp?id=5137&amp;lang=cs\" target=\"_blank\" rel=\"noreferrer noopener\">older and more experienced generation<\/a>.<\/li>\n\n\n\n<li>We co-create in citizens an interest in their <a href=\"https:\/\/www.youtube.com\/watch?v=GUCaRSplLPk\" target=\"_blank\" rel=\"noopener\">own health and life<\/a>, strengthening a&nbsp;preventive approach to health care.<\/li>\n\n\n\n<li>We spread awareness on topics related to the life and health of (not only) the inhabitants of the region, taking into account their specific needs, and we do not <a href=\"https:\/\/www.youtube.com\/watch?v=IQA5knPFog4\" target=\"_blank\" rel=\"noreferrer noopener\">forget<\/a> anyone.<\/li>\n<\/ul>\n\n\n\n<h2 class=\"wp-block-heading\">Where are we heading?<\/h2>\n\n\n\n<ul class=\"q-list\">\n<li>We educate future professionals in non-medical health professions in close contact with practice.<\/li>\n\n\n\n<li>Thanks to close <a href=\"https:\/\/www.fzs.zcu.cz\/cs\/Partnership\/index.html\" target=\"_blank\" rel=\"noreferrer noopener\">cooperation with foreign countries<\/a>, we strengthen and apply the principle of culturally sensitive patient care.<\/li>\n\n\n\n<li>We bring <a href=\"https:\/\/www.fzs.zcu.cz\/cs\/Research\/Science_on_FZS\" target=\"_blank\" rel=\"noreferrer noopener\">new knowledge<\/a> in the field of human health and patient care, working in <a href=\"https:\/\/info.zcu.cz\/clanek.jsp?id=5033\" target=\"_blank\" rel=\"noreferrer noopener\">multidisciplinary teams<\/a>.<\/li>\n\n\n\n<li>We are creating the conditions for <a href=\"https:\/\/otik.zcu.cz\/handle\/11025\/43006\" target=\"_blank\" rel=\"noreferrer noopener\">transferring patients at borders<\/a> and strengthening cross-border partnerships in the provision of healthcare.<\/li>\n\n\n\n<li>We work with modern technologies ranging from <a href=\"https:\/\/www.fzs.zcu.cz\/cs\/Research\/Simulation_center\" target=\"_blank\" rel=\"noreferrer noopener\">simulations<\/a> to <a href=\"https:\/\/www.mdpi.com\/2076-3417\/12\/22\/11740\" target=\"_blank\" rel=\"noreferrer noopener\">virtual reality<\/a>.<\/li>\n<\/ul>\n<\/div><\/div>\n\n<div id=\"0\" class=\"wp-block-uagb-container uagb-block-ea05f818 alignfull uagb-is-root-container\"><div class=\"uagb-container-inner-blocks-wrap\">\n<h2 class=\"wp-block-heading has-text-align-center\">Our graduates<\/h2>\n\n\n\n<div class=\"wp-block-uagb-container uagb-block-8ef47d54\">\n<div class=\"wp-block-uagb-container uagb-block-0f3da3a4\">\n<h3 class=\"wp-block-heading has-text-align-center\" style=\"text-transform:uppercase\">nat\u00e1lie \u0164oupalov\u00e1<\/h3>\n\n\n\n<figure class=\"wp-block-video\"><video controls=\"\" poster=\"https:\/\/formujemeplzen.zcu.cz\/wp-content\/uploads\/2023\/09\/toupalova-cover-fzs.jpg\" src=\"https:\/\/formujemeplzen.zcu.cz\/wp-content\/uploads\/2023\/09\/toupalova_FZS.mp4\"><\/video><\/figure>\n<\/div>\n\n\n\n<div class=\"wp-block-uagb-container uagb-block-0d039d89\">\n<h3 class=\"wp-block-heading has-text-align-center\" style=\"text-transform:uppercase\">Alena Sovov\u00e1<\/h3>\n\n\n\n<figure class=\"wp-block-video\"><video controls=\"\" poster=\"https:\/\/formujemeplzen.zcu.cz\/wp-content\/uploads\/2023\/09\/sovova-cover-fzs.jpg\" src=\"https:\/\/formujemeplzen.zcu.cz\/wp-content\/uploads\/2023\/09\/sovova_FZS.mp4\"><\/video><\/figure>\n<\/div>\n<\/div>\n<\/div><\/div>\n\n<div id=\"5\" class=\"wp-block-uagb-container uagb-block-031e8b01 alignfull uagb-is-root-container\"><div class=\"uagb-container-inner-blocks-wrap\">\n<div class=\"wp-block-uagb-container uagb-block-535b73f8\">\n<div class=\"wp-block-uagb-advanced-heading uagb-block-a21dc761 citation\"><h6 class=\"uagb-heading-text\">Did you know that&#8230;<\/h6><p class=\"uagb-desc-text\">The Faculty of Health Care Studies uses a&nbsp;range of special aids and equipment for teaching? These include, for example, a&nbsp;virtual autopsy table, plastinates of human bodies or a&nbsp;fully equipped modern ambulance of the medical rescue service.  <\/p><\/div>\n<\/div>\n<\/div><\/div>\n\n<div id=\"3\" class=\"wp-block-uagb-container uagb-block-d06ba8a9 alignfull uagb-is-root-container\"><div class=\"uagb-container-inner-blocks-wrap\">\n<div class=\"wp-block-uagb-container uagb-block-02477c05\">\n<h2 class=\"wp-block-heading has-text-align-center\" style=\"text-transform:uppercase\"><strong>Virtual autopsy table<\/strong><\/h2>\n\n\n\n<ul>\n<li>The device can display a&nbsp;detailed overall anatomy of both male and female using multiple individual life-size bodies, ensuring that learners become familiar with anatomical diversity. <\/li>\n\n\n\n<li>The external and internal anatomy is depicted from head to toe and contains thousands of named structures. The images are created by digitally recording the actual, non-chemically altered bodies of deceased donors. The color and shape of the bodies are preserved to accurately depict the actual anatomy. The virtual body can be cut layer by layer. As these layers become transparent, the surrounding anatomy is revealed.     <\/li>\n\n\n\n<li>The virtual autopsy table allows clear visualization of circulatory, nervous, muscular and bone structures. In addition, blood flow in any artery or vein in the body can be animated live. The table is equipped with a&nbsp;unique interactive virtual dissection tool, complete with thousands of notes.   <\/li>\n\n\n\n<li>On the touch screen, users can rotate structures, make multiple cuts, cancel cuts instantly and create notes. They can explore the body by selecting different structures or searching for structures from a&nbsp;list by name. The craniotomy tool allows the user to dissect the skull and view brain tissue.   <\/li>\n\n\n\n<li>Users can enjoy an in-depth view of major body structures such as the heart, lungs, abdomen and pelvis or spine that can be difficult to see in a&nbsp;full cadaver. Tabletop features allow users to switch systems to view specific anatomical structures. Structures can be rotated or zoomed in.  <\/li>\n<\/ul>\n\n\n\n<figure class=\"wp-block-image alignfull size-large is-style-default\"><a href=\"https:\/\/formujemeplzen.zcu.cz\/wp-content\/uploads\/2023\/09\/fzs-anatomie-1024x683.jpg\"><img decoding=\"async\" loading=\"lazy\" width=\"1024\" height=\"683\" src=\"https:\/\/formujemeplzen.zcu.cz\/wp-content\/uploads\/2023\/09\/fzs-anatomie-1024x683.jpg\" alt=\"\" class=\"wp-image-2079\" srcset=\"https:\/\/formujemeplzen.zcu.cz\/wp-content\/uploads\/2023\/09\/fzs-anatomie-1024x683.jpg 1024w, https:\/\/formujemeplzen.zcu.cz\/wp-content\/uploads\/2023\/09\/fzs-anatomie-300x200.jpg 300w, https:\/\/formujemeplzen.zcu.cz\/wp-content\/uploads\/2023\/09\/fzs-anatomie-768x512.jpg 768w, https:\/\/formujemeplzen.zcu.cz\/wp-content\/uploads\/2023\/09\/fzs-anatomie-1536x1024.jpg 1536w, https:\/\/formujemeplzen.zcu.cz\/wp-content\/uploads\/2023\/09\/fzs-anatomie.jpg 1920w\" sizes=\"(max-width: 1024px) 100vw, 1024px\" \/><\/a><\/figure>\n\n\n\n<div class=\"wp-block-uagb-container uagb-block-815a242c\">\n<div class=\"wp-block-uagb-container uagb-block-fe17280a\">\n<h3 class=\"wp-block-heading has-text-align-center\" style=\"text-transform:uppercase\">kRIST\u00ddNA Janou\u0161kov\u00e1<\/h3>\n\n\n\n<figure class=\"wp-block-video\"><video controls=\"\" poster=\"https:\/\/formujemeplzen.zcu.cz\/wp-content\/uploads\/2023\/09\/janouskova-cover-fzs-1.jpg\" src=\"https:\/\/formujemeplzen.zcu.cz\/wp-content\/uploads\/2023\/09\/janouskova.mp4\"><\/video><\/figure>\n<\/div>\n<\/div>\n<\/div>\n<\/div><\/div>\n\n<div id=\"5\" class=\"wp-block-uagb-container uagb-block-5ed82dfd alignfull uagb-is-root-container\"><div class=\"uagb-container-inner-blocks-wrap\">\n<div class=\"wp-block-uagb-container uagb-block-ae6fb8d4\">\n<div class=\"wp-block-uagb-advanced-heading uagb-block-72acea0e citation\"><h6 class=\"uagb-heading-text\">Did you know that&#8230;<\/h6><p class=\"uagb-desc-text\">The human body has approximately 600 muscles and the physiotherapist must be able to find each one?<\/p><\/div>\n<\/div>\n<\/div><\/div>\n\n<div id=\"3\" class=\"wp-block-uagb-container uagb-block-e42c7237 alignfull uagb-is-root-container\"><div class=\"uagb-container-inner-blocks-wrap\">\n<div class=\"wp-block-uagb-container uagb-block-b7652937\">\n<h2 class=\"wp-block-heading has-text-align-center\" style=\"text-transform:uppercase\"><strong>Plastinates of human bodies<\/strong><\/h2>\n\n\n\n<ul>\n<li>The plastination method was invented by German anatomist G\u0171nter von Hagens in 1977 to preserve body specimens for medical education. In the process, body fluids and fat are replaced by liquid plastics in the samples.  <\/li>\n\n\n\n<li>After the bodies are positioned in realistic positions, they are hardened by gas, heat or light. The plastinates then show how our bodies move in everyday life and during sporting activities. Plastination has brought significant improvements to anatomical research and teaching through visual and tactile sensation and realism.   <\/li>\n\n\n\n<li>Today, plastinates are already helping virtually all over the world in teaching anatomy and allowing students to gain unique experiences. All of Hagens&#8217; anatomical specimens come from the bodies of donors who donated their bodies with official permission during their lifetimes, for the purpose of educating future generations. <\/li>\n\n\n\n<li>The donor programme has been running for almost 35 years. At the Faculty of Health Studies, plastinated human bodies and limbs help, for example, in the training of paramedics, physiotherapists or nurses. They enable them to study the human body literally down to the last blood vessel.  <\/li>\n<\/ul>\n\n\n\n<figure class=\"wp-block-gallery has-nested-images columns-default is-cropped wp-block-gallery-2 is-layout-flex\">\n<figure class=\"wp-block-image size-large\"><a href=\"https:\/\/formujemeplzen.zcu.cz\/wp-content\/uploads\/2023\/09\/IMG_9360-scaled.jpg\"><img decoding=\"async\" loading=\"lazy\" width=\"683\" height=\"1024\" src=\"https:\/\/formujemeplzen.zcu.cz\/wp-content\/uploads\/2023\/09\/IMG_9360-683x1024.jpg\" alt=\"\" class=\"wp-image-2082\" srcset=\"https:\/\/formujemeplzen.zcu.cz\/wp-content\/uploads\/2023\/09\/IMG_9360-683x1024.jpg 683w, https:\/\/formujemeplzen.zcu.cz\/wp-content\/uploads\/2023\/09\/IMG_9360-200x300.jpg 200w, https:\/\/formujemeplzen.zcu.cz\/wp-content\/uploads\/2023\/09\/IMG_9360-768x1152.jpg 768w, https:\/\/formujemeplzen.zcu.cz\/wp-content\/uploads\/2023\/09\/IMG_9360-1024x1536.jpg 1024w, https:\/\/formujemeplzen.zcu.cz\/wp-content\/uploads\/2023\/09\/IMG_9360-1365x2048.jpg 1365w, https:\/\/formujemeplzen.zcu.cz\/wp-content\/uploads\/2023\/09\/IMG_9360-scaled.jpg 1707w\" sizes=\"(max-width: 683px) 100vw, 683px\" \/><\/a><\/figure>\n\n\n\n<figure class=\"wp-block-image size-large\"><a href=\"https:\/\/formujemeplzen.zcu.cz\/wp-content\/uploads\/2023\/09\/fzs-ucebna.jpg\"><img decoding=\"async\" loading=\"lazy\" width=\"1024\" height=\"683\" src=\"https:\/\/formujemeplzen.zcu.cz\/wp-content\/uploads\/2023\/09\/fzs-ucebna-1024x683.jpg\" alt=\"\" class=\"wp-image-2081\" srcset=\"https:\/\/formujemeplzen.zcu.cz\/wp-content\/uploads\/2023\/09\/fzs-ucebna-1024x683.jpg 1024w, https:\/\/formujemeplzen.zcu.cz\/wp-content\/uploads\/2023\/09\/fzs-ucebna-300x200.jpg 300w, https:\/\/formujemeplzen.zcu.cz\/wp-content\/uploads\/2023\/09\/fzs-ucebna-768x512.jpg 768w, https:\/\/formujemeplzen.zcu.cz\/wp-content\/uploads\/2023\/09\/fzs-ucebna-1536x1024.jpg 1536w, https:\/\/formujemeplzen.zcu.cz\/wp-content\/uploads\/2023\/09\/fzs-ucebna.jpg 1920w\" sizes=\"(max-width: 1024px) 100vw, 1024px\" \/><\/a><\/figure>\n\n\n\n<figure class=\"wp-block-image size-large\"><a href=\"https:\/\/formujemeplzen.zcu.cz\/wp-content\/uploads\/2023\/09\/fzs-schody.jpg\"><img decoding=\"async\" loading=\"lazy\" width=\"1024\" height=\"683\" src=\"https:\/\/formujemeplzen.zcu.cz\/wp-content\/uploads\/2023\/09\/fzs-schody-1024x683.jpg\" alt=\"\" class=\"wp-image-2080\" srcset=\"https:\/\/formujemeplzen.zcu.cz\/wp-content\/uploads\/2023\/09\/fzs-schody-1024x683.jpg 1024w, https:\/\/formujemeplzen.zcu.cz\/wp-content\/uploads\/2023\/09\/fzs-schody-300x200.jpg 300w, https:\/\/formujemeplzen.zcu.cz\/wp-content\/uploads\/2023\/09\/fzs-schody-768x512.jpg 768w, https:\/\/formujemeplzen.zcu.cz\/wp-content\/uploads\/2023\/09\/fzs-schody-1536x1024.jpg 1536w, https:\/\/formujemeplzen.zcu.cz\/wp-content\/uploads\/2023\/09\/fzs-schody.jpg 1920w\" sizes=\"(max-width: 1024px) 100vw, 1024px\" \/><\/a><\/figure>\n<\/figure>\n<\/div>\n<\/div><\/div>\n\n<div id=\"5\" class=\"wp-block-uagb-container uagb-block-71bb2860 alignfull uagb-is-root-container\"><div class=\"uagb-container-inner-blocks-wrap\">\n<div class=\"wp-block-uagb-container uagb-block-2546d527\">\n<div class=\"wp-block-uagb-advanced-heading uagb-block-b1923a4c citation\"><h6 class=\"uagb-heading-text\">Did you know that&#8230;<\/h6><p class=\"uagb-desc-text\">Students in the Paramedic program solve approximately 60 model situations during their three years of study.<\/p><\/div>\n<\/div>\n<\/div><\/div>\n\n<div id=\"3\" class=\"wp-block-uagb-container uagb-block-e3f70c89 alignfull uagb-is-root-container\"><div class=\"uagb-container-inner-blocks-wrap\">\n<div class=\"wp-block-uagb-container uagb-block-256ac3eb\">\n<h2 class=\"wp-block-heading has-text-align-center\" style=\"text-transform:uppercase\"><strong><strong>ambulance of the medical rescue service<\/strong><\/strong><\/h2>\n\n\n\n<ul>\n<li>This facility is equipped with all the instruments, technology and furniture, including a&nbsp;stretcher with a&nbsp;very realistic, highly sophisticated model of the patient. Among the instruments are fully functional resuscitation machines, ECGs, oximeters, dosing devices, defibrillation trainers, etc.  <\/li>\n\n\n\n<li>There is also the necessary medical material used in the treatment. The simulator is equipped with a&nbsp;camera system that allows to record the activities of the learners in the car and to project it on a&nbsp;large screen so that both the teacher and the students can watch the course of the rehearsed intervention. <\/li>\n<\/ul>\n\n\n\n<div class=\"wp-block-uagb-container uagb-block-132abe89\">\n<h3 class=\"wp-block-heading has-text-align-center\" style=\"text-transform:uppercase\">Kl\u00e1ra Gillnerov\u00e1<\/h3>\n\n\n\n<figure class=\"wp-block-video\"><video controls=\"\" poster=\"https:\/\/formujemeplzen.zcu.cz\/wp-content\/uploads\/2023\/09\/gillnerova-cover-fzs.jpg\" src=\"https:\/\/formujemeplzen.zcu.cz\/wp-content\/uploads\/2023\/09\/gillemova_FZS.mp4\"><\/video><\/figure>\n<\/div>\n<\/div>\n<\/div><\/div>\n\n<div id=\"5\" class=\"wp-block-uagb-container uagb-block-65f6a395 alignfull uagb-is-root-container\"><div class=\"uagb-container-inner-blocks-wrap\">\n<div class=\"wp-block-uagb-container uagb-block-07959537\">\n<div class=\"wp-block-uagb-advanced-heading uagb-block-520b8f2f citation\"><h6 class=\"uagb-heading-text\">Did you know that&#8230;<\/h6><p class=\"uagb-desc-text\">Throughout their studies, students of the Paramedic program complete 1320 hours of professional practice at <em>medical workplaces<\/em>?<\/p><\/div>\n<\/div>\n<\/div><\/div>\n","protected":false},"excerpt":{"rendered":"<p>Faculty of Health Care Studies We are preparing you for a&nbsp;career that has a&nbsp;future. We&#8217;re helping you become an indispensable part of the healthcare infrastructure and a&nbsp;mainstay of the health system. How do we influence the city and the region? Where are we heading? Our graduates nat\u00e1lie \u0164oupalov\u00e1 Alena Sovov\u00e1 Did you know that&#8230; The [&hellip;]<\/p>\n","protected":false},"author":2,"featured_media":2887,"parent":0,"menu_order":0,"comment_status":"closed","ping_status":"closed","template":"","meta":{"_uag_custom_page_level_css":""},"blocksy_meta":{"has_hero_section":"disabled","disable_header":"no","disable_footer":"no","disable_share_box":"no"},"uagb_featured_image_src":{"full":["https:\/\/formujemeplzen.zcu.cz\/wp-content\/uploads\/2023\/09\/fzs_final-hero.jpg",1904,1071,false],"thumbnail":["https:\/\/formujemeplzen.zcu.cz\/wp-content\/uploads\/2023\/09\/fzs_final-hero-150x150.jpg",150,150,true],"medium":["https:\/\/formujemeplzen.zcu.cz\/wp-content\/uploads\/2023\/09\/fzs_final-hero-300x169.jpg",300,169,true],"medium_large":["https:\/\/formujemeplzen.zcu.cz\/wp-content\/uploads\/2023\/09\/fzs_final-hero-768x432.jpg",768,432,true],"large":["https:\/\/formujemeplzen.zcu.cz\/wp-content\/uploads\/2023\/09\/fzs_final-hero-1024x576.jpg",1024,576,true],"1536x1536":["https:\/\/formujemeplzen.zcu.cz\/wp-content\/uploads\/2023\/09\/fzs_final-hero-1536x864.jpg",1536,864,true],"2048x2048":["https:\/\/formujemeplzen.zcu.cz\/wp-content\/uploads\/2023\/09\/fzs_final-hero.jpg",1904,1071,false]},"uagb_author_info":{"display_name":"Tom\u00e1\u0161 Frank","author_link":"https:\/\/formujemeplzen.zcu.cz\/en\/author\/tomasfrank\/"},"uagb_comment_info":0,"uagb_excerpt":"Faculty of Health Care Studies We are preparing you for a&nbsp;career that has a&nbsp;future. We&#8217;re helping you become an indispensable part of the healthcare infrastructure and a&nbsp;mainstay of the health system. How do we influence the city and the region? Where are we heading? Our graduates nat\u00e1lie \u0164oupalov\u00e1 Alena Sovov\u00e1 Did you know that&#8230; The&hellip;","_links":{"self":[{"href":"https:\/\/formujemeplzen.zcu.cz\/en\/wp-json\/wp\/v2\/pages\/2996"}],"collection":[{"href":"https:\/\/formujemeplzen.zcu.cz\/en\/wp-json\/wp\/v2\/pages"}],"about":[{"href":"https:\/\/formujemeplzen.zcu.cz\/en\/wp-json\/wp\/v2\/types\/page"}],"author":[{"embeddable":true,"href":"https:\/\/formujemeplzen.zcu.cz\/en\/wp-json\/wp\/v2\/users\/2"}],"replies":[{"embeddable":true,"href":"https:\/\/formujemeplzen.zcu.cz\/en\/wp-json\/wp\/v2\/comments?post=2996"}],"version-history":[{"count":2,"href":"https:\/\/formujemeplzen.zcu.cz\/en\/wp-json\/wp\/v2\/pages\/2996\/revisions"}],"predecessor-version":[{"id":2999,"href":"https:\/\/formujemeplzen.zcu.cz\/en\/wp-json\/wp\/v2\/pages\/2996\/revisions\/2999"}],"wp:featuredmedia":[{"embeddable":true,"href":"https:\/\/formujemeplzen.zcu.cz\/en\/wp-json\/wp\/v2\/media\/2887"}],"wp:attachment":[{"href":"https:\/\/formujemeplzen.zcu.cz\/en\/wp-json\/wp\/v2\/media?parent=2996"}],"curies":[{"name":"wp","href":"https:\/\/api.w.org\/{rel}","templated":true}]}}