{"id":2971,"date":"2023-09-06T22:12:58","date_gmt":"2023-09-06T20:12:58","guid":{"rendered":"https:\/\/formujemeplzen.zcu.cz\/faculty-of-electrical-engineering\/"},"modified":"2024-02-11T17:53:32","modified_gmt":"2024-02-11T16:53:32","slug":"fee","status":"publish","type":"page","link":"https:\/\/formujemeplzen.zcu.cz\/en\/fee\/","title":{"rendered":"Faculty of Electrical Engineering"},"content":{"rendered":"\n<div id=\"uvod\" class=\"wp-block-uagb-container uagb-block-fd908999 alignfull uagb-is-root-container\"><div class=\"uagb-container-inner-blocks-wrap\">\n<h1 class=\"wp-block-heading instituce-hero has-palette-color-6-color has-text-color\">Faculty of electrical engineering<\/h1>\n\n\n\n<p class=\"instituce-description\">We educate technical specialists, work with local companies and support technical education from primary and secondary schools. We are FEE UWB. <\/p>\n<\/div><\/div>\n\n<div id=\"0\" class=\"wp-block-uagb-container uagb-block-66db18c4 alignfull uagb-is-root-container\"><div class=\"uagb-container-inner-blocks-wrap\">\n<h2 class=\"wp-block-heading\">How do we influence the city and the region?<\/h2>\n\n\n\n<ul class=\"q-list\">\n<li>We educate future qualified professionals in electrical engineering and related fields and prepare them for careers in the national and international labour market.<\/li>\n\n\n\n<li><a href=\"https:\/\/www.fel.zcu.cz\/cs\/Partnership\/partners.html\" target=\"_blank\" rel=\"noreferrer noopener\">We actively cooperate with major industry players<\/a> in the field of research, development and education to support the economic growth of the region.<\/li>\n\n\n\n<li>We systematically support <a href=\"https:\/\/www.fel.zcu.cz\/cs\/Partnership\/partner_secondary_schools.html\" target=\"_blank\" rel=\"noreferrer noopener\">partnership cooperation with secondary schools and grammar schools<\/a>, popularizing technical education and the importance of technical fields for society.<\/li>\n<\/ul>\n\n\n\n<h2 class=\"wp-block-heading\">Where are we heading?<\/h2>\n\n\n\n<ul class=\"q-list\">\n<li>We create study programmes to reflect the requirements of society and prepare our graduates for a&nbsp;future successful career and employment in the labour market or the implementation of their own ideas.<\/li>\n\n\n\n<li>We advocate open and equal access to education and creative activity, with the aim of eliminating cultural, social and other barriers that prevent certain groups from increasing their educational attainment despite good study and research facilities.<\/li>\n\n\n\n<li>We are perceived as an integral part of the region, we work and participate in national and international projects, we are a&nbsp;sought-after partner of institutions of national and international importance, with whom we jointly carry out research with demonstrable impact on practice and other activities contributing to the sustainable development of society.<\/li>\n<\/ul>\n<\/div><\/div>\n\n<div id=\"1\" class=\"wp-block-uagb-container uagb-block-6fcd4447 alignfull uagb-is-root-container\"><div class=\"uagb-container-inner-blocks-wrap\">\n<h2 class=\"wp-block-heading has-text-align-center\">Our graduates<\/h2>\n\n\n\n<div class=\"wp-block-uagb-container uagb-block-b07c6144\">\n<div class=\"wp-block-uagb-container uagb-block-1898020e\">\n<h4 class=\"wp-block-heading has-text-align-center\">Veronika Lukavsk\u00e1<\/h4>\n\n\n\n<figure class=\"wp-block-video\"><video controls=\"\" poster=\"https:\/\/formujemeplzen.zcu.cz\/wp-content\/uploads\/2023\/09\/lukavska-cover-fel.jpg\" src=\"https:\/\/formujemeplzen.zcu.cz\/wp-content\/uploads\/2023\/09\/veronika_FEL.mp4\" playsinline=\"\"><\/video><\/figure>\n<\/div>\n\n\n\n<div class=\"wp-block-uagb-container uagb-block-94320e39\">\n<h4 class=\"wp-block-heading has-text-align-center\">V\u00e1clav Langheinrich <\/h4>\n\n\n\n<figure class=\"wp-block-video\"><video controls=\"\" poster=\"https:\/\/formujemeplzen.zcu.cz\/wp-content\/uploads\/2023\/09\/langheinrich-cover-fel.jpg\" src=\"https:\/\/formujemeplzen.zcu.cz\/wp-content\/uploads\/2023\/09\/langheinrich-fel-final.mp4\"><\/video><\/figure>\n<\/div>\n\n\n\n<div class=\"wp-block-uagb-container uagb-block-37527ff0\">\n<h4 class=\"wp-block-heading has-text-align-center\">Martin Br\u016fha<\/h4>\n\n\n\n<figure class=\"wp-block-video\"><video controls=\"\" poster=\"https:\/\/formujemeplzen.zcu.cz\/wp-content\/uploads\/2023\/09\/bruha-cover-fel.jpg\" src=\"https:\/\/formujemeplzen.zcu.cz\/wp-content\/uploads\/2023\/09\/martin_FEL.mp4\"><\/video><\/figure>\n<\/div>\n<\/div>\n<\/div><\/div>\n\n<div id=\"3\" class=\"wp-block-uagb-container uagb-block-d9be855d alignfull uagb-is-root-container\"><div class=\"uagb-container-inner-blocks-wrap\">\n<div class=\"wp-block-uagb-container uagb-block-3ffaba40\">\n<div class=\"wp-block-uagb-advanced-heading uagb-block-0b0f9c31 citation\"><h6 class=\"uagb-heading-text\">Did you know that&#8230;<\/h6><p class=\"uagb-desc-text\">Our students and staff can visit over 70 partner universities and institutions around the world?<\/p><\/div>\n<\/div>\n<\/div><\/div>\n\n<div id=\"2\" class=\"wp-block-uagb-container uagb-block-3913c91d alignfull uagb-is-root-container\"><div class=\"uagb-container-inner-blocks-wrap\">\n<div class=\"wp-block-uagb-container uagb-block-e49e1c08\">\n<h2 class=\"wp-block-heading has-text-align-center\">FEE UWB has a&nbsp;significant impact on the city of Pilsen and the entire Pilsen Region<\/h2>\n\n\n\n<ul>\n<li>Through the training of technical specialists, cooperation with local companies and the promotion of technical education from primary and secondary schools in the region, we are an integral part of it.<\/li>\n\n\n\n<li>As a&nbsp;major centre of know-how and innovation, we strengthen the region&#8217;s&nbsp;competitiveness and contribute to its sustainable development.<\/li>\n\n\n\n<li>The Faculty produces highly qualified <a href=\"https:\/\/www.fel.zcu.cz\/cs\/Students\/stories.html\" target=\"_blank\" rel=\"noreferrer noopener\">graduates<\/a> who are in demand on the labour market and who become the engine of innovation and technological development of the region.<\/li>\n<\/ul>\n\n\n\n<figure class=\"wp-block-gallery has-nested-images columns-2 is-cropped wp-block-gallery-2 is-layout-flex\">\n<figure class=\"wp-block-image size-large\"><a href=\"https:\/\/formujemeplzen.zcu.cz\/wp-content\/uploads\/2023\/09\/DoD_2023_033_T8A1044-scaled.jpg\"><img decoding=\"async\" loading=\"lazy\" width=\"1024\" height=\"683\" src=\"https:\/\/formujemeplzen.zcu.cz\/wp-content\/uploads\/2023\/09\/DoD_2023_033_T8A1044-1024x683.jpg\" alt=\"\" class=\"wp-image-1997\" srcset=\"https:\/\/formujemeplzen.zcu.cz\/wp-content\/uploads\/2023\/09\/DoD_2023_033_T8A1044-1024x683.jpg 1024w, https:\/\/formujemeplzen.zcu.cz\/wp-content\/uploads\/2023\/09\/DoD_2023_033_T8A1044-300x200.jpg 300w, https:\/\/formujemeplzen.zcu.cz\/wp-content\/uploads\/2023\/09\/DoD_2023_033_T8A1044-768x512.jpg 768w, https:\/\/formujemeplzen.zcu.cz\/wp-content\/uploads\/2023\/09\/DoD_2023_033_T8A1044-1536x1024.jpg 1536w, https:\/\/formujemeplzen.zcu.cz\/wp-content\/uploads\/2023\/09\/DoD_2023_033_T8A1044-2048x1365.jpg 2048w\" sizes=\"(max-width: 1024px) 100vw, 1024px\" \/><\/a><\/figure>\n\n\n\n<figure class=\"wp-block-image size-large\"><a href=\"https:\/\/formujemeplzen.zcu.cz\/wp-content\/uploads\/2023\/09\/T8A9377-Edit-Fullsize-JPEG-2-scaled.jpg\"><img decoding=\"async\" loading=\"lazy\" width=\"1024\" height=\"683\" src=\"https:\/\/formujemeplzen.zcu.cz\/wp-content\/uploads\/2023\/09\/T8A9377-Edit-Fullsize-JPEG-2-1024x683.jpg\" alt=\"\" class=\"wp-image-1924\" srcset=\"https:\/\/formujemeplzen.zcu.cz\/wp-content\/uploads\/2023\/09\/T8A9377-Edit-Fullsize-JPEG-2-1024x683.jpg 1024w, https:\/\/formujemeplzen.zcu.cz\/wp-content\/uploads\/2023\/09\/T8A9377-Edit-Fullsize-JPEG-2-300x200.jpg 300w, https:\/\/formujemeplzen.zcu.cz\/wp-content\/uploads\/2023\/09\/T8A9377-Edit-Fullsize-JPEG-2-768x512.jpg 768w, https:\/\/formujemeplzen.zcu.cz\/wp-content\/uploads\/2023\/09\/T8A9377-Edit-Fullsize-JPEG-2-1536x1024.jpg 1536w, https:\/\/formujemeplzen.zcu.cz\/wp-content\/uploads\/2023\/09\/T8A9377-Edit-Fullsize-JPEG-2-2048x1365.jpg 2048w\" sizes=\"(max-width: 1024px) 100vw, 1024px\" \/><\/a><\/figure>\n\n\n\n<figure class=\"wp-block-image size-large\"><a href=\"https:\/\/formujemeplzen.zcu.cz\/wp-content\/uploads\/2023\/09\/Maker_041_T8A9987-scaled.jpg\"><img decoding=\"async\" loading=\"lazy\" width=\"683\" height=\"1024\" src=\"https:\/\/formujemeplzen.zcu.cz\/wp-content\/uploads\/2023\/09\/Maker_041_T8A9987-683x1024.jpg\" alt=\"\" class=\"wp-image-1998\" srcset=\"https:\/\/formujemeplzen.zcu.cz\/wp-content\/uploads\/2023\/09\/Maker_041_T8A9987-683x1024.jpg 683w, https:\/\/formujemeplzen.zcu.cz\/wp-content\/uploads\/2023\/09\/Maker_041_T8A9987-200x300.jpg 200w, https:\/\/formujemeplzen.zcu.cz\/wp-content\/uploads\/2023\/09\/Maker_041_T8A9987-768x1152.jpg 768w, https:\/\/formujemeplzen.zcu.cz\/wp-content\/uploads\/2023\/09\/Maker_041_T8A9987-1024x1536.jpg 1024w, https:\/\/formujemeplzen.zcu.cz\/wp-content\/uploads\/2023\/09\/Maker_041_T8A9987-1365x2048.jpg 1365w, https:\/\/formujemeplzen.zcu.cz\/wp-content\/uploads\/2023\/09\/Maker_041_T8A9987-scaled.jpg 1707w\" sizes=\"(max-width: 683px) 100vw, 683px\" \/><\/a><\/figure>\n\n\n\n<figure class=\"wp-block-image size-large\"><a href=\"https:\/\/formujemeplzen.zcu.cz\/wp-content\/uploads\/2023\/09\/T8A9637-Edit-Fullsize-JPEG-2-scaled.jpg\"><img decoding=\"async\" loading=\"lazy\" width=\"683\" height=\"1024\" src=\"https:\/\/formujemeplzen.zcu.cz\/wp-content\/uploads\/2023\/09\/T8A9637-Edit-Fullsize-JPEG-2-683x1024.jpg\" alt=\"\" class=\"wp-image-1999\" srcset=\"https:\/\/formujemeplzen.zcu.cz\/wp-content\/uploads\/2023\/09\/T8A9637-Edit-Fullsize-JPEG-2-683x1024.jpg 683w, https:\/\/formujemeplzen.zcu.cz\/wp-content\/uploads\/2023\/09\/T8A9637-Edit-Fullsize-JPEG-2-200x300.jpg 200w, https:\/\/formujemeplzen.zcu.cz\/wp-content\/uploads\/2023\/09\/T8A9637-Edit-Fullsize-JPEG-2-768x1152.jpg 768w, https:\/\/formujemeplzen.zcu.cz\/wp-content\/uploads\/2023\/09\/T8A9637-Edit-Fullsize-JPEG-2-1024x1536.jpg 1024w, https:\/\/formujemeplzen.zcu.cz\/wp-content\/uploads\/2023\/09\/T8A9637-Edit-Fullsize-JPEG-2-1365x2048.jpg 1365w, https:\/\/formujemeplzen.zcu.cz\/wp-content\/uploads\/2023\/09\/T8A9637-Edit-Fullsize-JPEG-2-scaled.jpg 1707w\" sizes=\"(max-width: 683px) 100vw, 683px\" \/><\/a><\/figure>\n<\/figure>\n<\/div>\n<\/div><\/div>\n\n<div id=\"3\" class=\"wp-block-uagb-container uagb-block-031e8b01 alignfull uagb-is-root-container\"><div class=\"uagb-container-inner-blocks-wrap\">\n<div class=\"wp-block-uagb-container uagb-block-535b73f8\">\n<div class=\"wp-block-uagb-advanced-heading uagb-block-a21dc761 citation\"><h6 class=\"uagb-heading-text\">Did you know that&#8230;<\/h6><p class=\"uagb-desc-text\">Are we actively promoting technical education at secondary school level to inspire young people to take an interest in technical fields for a&nbsp;successful future career?<\/p><\/div>\n<\/div>\n<\/div><\/div>\n\n<div id=\"2\" class=\"wp-block-uagb-container uagb-block-08e660a7 alignfull uagb-is-root-container\"><div class=\"uagb-container-inner-blocks-wrap\">\n<div class=\"wp-block-uagb-container uagb-block-051fc533\">\n<h2 class=\"wp-block-heading has-text-align-center\">We do excellent science<\/h2>\n\n\n\n<ul>\n<li><a href=\"https:\/\/www.rice.zcu.cz\/cs\/index.html\" target=\"_blank\" rel=\"noreferrer noopener\">Research and Innovation Centre for Electrical Engineering &#8211; R&amp;D<\/a> is the Faculty of Electrical Engineering&#8217;s&nbsp;own research centre and its integral part and research brand. We provide a&nbsp;complete research chain from basic (theoretical) research to the development of functional samples and prototypes and their complete testing. <\/li>\n\n\n\n<li>We have unique research infrastructure, such as an indoor laboratory for high-voltage power electronics and transport technology for testing vehicles and equipment up to 31 kV and 4 MW. <\/li>\n\n\n\n<li>For cooperation with key industrial partners, we offer the use of special laboratories for materials and technology research, including &#8220;clean rooms&#8221;, microscopy laboratories, EMC, X-ray diagnostics laboratories, acoustic laboratories and others. <\/li>\n<\/ul>\n\n\n\n<h3 class=\"wp-block-heading\"><strong>Research and Innovation Centre for Electrical Engineering &#8211; R&amp;D<\/strong><\/h3>\n\n\n\n<ul>\n<li>More than 200 male and female researchers.<\/li>\n\n\n\n<li>Founded in 2010.<\/li>\n\n\n\n<li>Over 120 projects and contract research contracts are handled annually.<\/li>\n\n\n\n<li>Average annual turnover approximately EUR 9 million. <\/li>\n<\/ul>\n\n\n\n<figure class=\"wp-block-image size-large\"><a href=\"https:\/\/formujemeplzen.zcu.cz\/wp-content\/uploads\/2023\/09\/02_T8A9092-Edit-scaled.jpg\"><img decoding=\"async\" loading=\"lazy\" width=\"1024\" height=\"493\" src=\"https:\/\/formujemeplzen.zcu.cz\/wp-content\/uploads\/2023\/09\/02_T8A9092-Edit-1024x493.jpg\" alt=\"\" class=\"wp-image-1922\" srcset=\"https:\/\/formujemeplzen.zcu.cz\/wp-content\/uploads\/2023\/09\/02_T8A9092-Edit-1024x493.jpg 1024w, https:\/\/formujemeplzen.zcu.cz\/wp-content\/uploads\/2023\/09\/02_T8A9092-Edit-300x144.jpg 300w, https:\/\/formujemeplzen.zcu.cz\/wp-content\/uploads\/2023\/09\/02_T8A9092-Edit-768x370.jpg 768w, https:\/\/formujemeplzen.zcu.cz\/wp-content\/uploads\/2023\/09\/02_T8A9092-Edit-1536x739.jpg 1536w, https:\/\/formujemeplzen.zcu.cz\/wp-content\/uploads\/2023\/09\/02_T8A9092-Edit-2048x985.jpg 2048w\" sizes=\"(max-width: 1024px) 100vw, 1024px\" \/><\/a><\/figure>\n\n\n\n<figure class=\"wp-block-gallery has-nested-images columns-default is-cropped wp-block-gallery-4 is-layout-flex\">\n<figure class=\"wp-block-image size-large\"><a href=\"https:\/\/formujemeplzen.zcu.cz\/wp-content\/uploads\/2023\/09\/fel_3.jpg\"><img decoding=\"async\" loading=\"lazy\" width=\"768\" height=\"1024\" src=\"https:\/\/formujemeplzen.zcu.cz\/wp-content\/uploads\/2023\/09\/fel_3-768x1024.jpg\" alt=\"\" class=\"wp-image-2012\" srcset=\"https:\/\/formujemeplzen.zcu.cz\/wp-content\/uploads\/2023\/09\/fel_3-768x1024.jpg 768w, https:\/\/formujemeplzen.zcu.cz\/wp-content\/uploads\/2023\/09\/fel_3-225x300.jpg 225w, https:\/\/formujemeplzen.zcu.cz\/wp-content\/uploads\/2023\/09\/fel_3-1152x1536.jpg 1152w, https:\/\/formujemeplzen.zcu.cz\/wp-content\/uploads\/2023\/09\/fel_3-1536x2048.jpg 1536w, https:\/\/formujemeplzen.zcu.cz\/wp-content\/uploads\/2023\/09\/fel_3.jpg 1920w\" sizes=\"(max-width: 768px) 100vw, 768px\" \/><\/a><\/figure>\n\n\n\n<figure class=\"wp-block-image size-large\"><a href=\"https:\/\/formujemeplzen.zcu.cz\/wp-content\/uploads\/2023\/09\/fel_2.jpg\"><img decoding=\"async\" loading=\"lazy\" width=\"768\" height=\"1024\" src=\"https:\/\/formujemeplzen.zcu.cz\/wp-content\/uploads\/2023\/09\/fel_2-768x1024.jpg\" alt=\"\" class=\"wp-image-2013\" srcset=\"https:\/\/formujemeplzen.zcu.cz\/wp-content\/uploads\/2023\/09\/fel_2-768x1024.jpg 768w, https:\/\/formujemeplzen.zcu.cz\/wp-content\/uploads\/2023\/09\/fel_2-225x300.jpg 225w, https:\/\/formujemeplzen.zcu.cz\/wp-content\/uploads\/2023\/09\/fel_2-1152x1536.jpg 1152w, https:\/\/formujemeplzen.zcu.cz\/wp-content\/uploads\/2023\/09\/fel_2-1536x2048.jpg 1536w, https:\/\/formujemeplzen.zcu.cz\/wp-content\/uploads\/2023\/09\/fel_2.jpg 1920w\" sizes=\"(max-width: 768px) 100vw, 768px\" \/><\/a><\/figure>\n\n\n\n<figure class=\"wp-block-image size-large\"><a href=\"https:\/\/formujemeplzen.zcu.cz\/wp-content\/uploads\/2023\/09\/fel_1.jpg\"><img decoding=\"async\" loading=\"lazy\" width=\"768\" height=\"1024\" src=\"https:\/\/formujemeplzen.zcu.cz\/wp-content\/uploads\/2023\/09\/fel_1-768x1024.jpg\" alt=\"\" class=\"wp-image-2014\" srcset=\"https:\/\/formujemeplzen.zcu.cz\/wp-content\/uploads\/2023\/09\/fel_1-768x1024.jpg 768w, https:\/\/formujemeplzen.zcu.cz\/wp-content\/uploads\/2023\/09\/fel_1-225x300.jpg 225w, https:\/\/formujemeplzen.zcu.cz\/wp-content\/uploads\/2023\/09\/fel_1-1152x1536.jpg 1152w, https:\/\/formujemeplzen.zcu.cz\/wp-content\/uploads\/2023\/09\/fel_1.jpg 1440w\" sizes=\"(max-width: 768px) 100vw, 768px\" \/><\/a><\/figure>\n<\/figure>\n<\/div>\n<\/div><\/div>\n\n<div id=\"3\" class=\"wp-block-uagb-container uagb-block-6541f395 alignfull uagb-is-root-container\"><div class=\"uagb-container-inner-blocks-wrap\">\n<div class=\"wp-block-uagb-container uagb-block-2154bbe6\">\n<div class=\"wp-block-uagb-advanced-heading uagb-block-03465873 citation\"><h6 class=\"uagb-heading-text\">Did you know that&#8230;<\/h6><p class=\"uagb-desc-text\">Every year we organize the <a href=\"https:\/\/juniorfel.zcu.cz\/\" target=\"_blank\" rel=\"noreferrer noopener\">JuniorFEE<\/a> summer school for the second grade of primary schools? In a&nbsp;playful and easy-to-understand way, we show that technology is neither complicated nor boring, thus encouraging interest in learning technology from an early age.<\/p><\/div>\n<\/div>\n<\/div><\/div>\n\n<div id=\"2\" class=\"wp-block-uagb-container uagb-block-94352086 alignfull uagb-is-root-container\"><div class=\"uagb-container-inner-blocks-wrap\">\n<div class=\"wp-block-uagb-container uagb-block-2fb008cb\">\n<h2 class=\"wp-block-heading has-text-align-center\"><strong>History of FEE<\/strong><\/h2>\n\n\n\n<ul>\n<li>1949 &#8211; Founding of the University of Mechanical and Electrical Engineering in Pilsen (V\u0160SE) as part of the Czech Technical University in Prague. Teaching takes place in the city centre. <\/li>\n\n\n\n<li>1950 &#8211; The College of Mechanical and Electrical Engineering in Pilsen becomes an independent faculty of the CTU.<\/li>\n\n\n\n<li>1953 &#8211; V\u0160SE acquires the independent status of a&nbsp;university headed by a&nbsp;rector. At this time, only a&nbsp;single electrical engineering faculty called &#8220;Department of Electrical Engineering Sciences&#8221; is part of it. <\/li>\n\n\n\n<li>1960 &#8211; The Faculty of Electrical Engineering (at the same time as the Faculty of Mechanical Engineering) is established within the University of Science and Technology in Pilsen; new fields of study are added, focusing on electrical engineering, electronics and computers.<\/li>\n\n\n\n<li>1991 &#8211; The University of West Bohemia in Pilsen is founded.<\/li>\n\n\n\n<li>2004 &#8211; Opening and commencement of teaching in the new building of the Faculty of Electrical Engineering at the Borsk\u00e9 Pole campus.<\/li>\n\n\n\n<li>2016 &#8211; Inauguration of the new RICE research centre.<\/li>\n<\/ul>\n\n\n\n<figure class=\"wp-block-image size-large\"><a href=\"https:\/\/formujemeplzen.zcu.cz\/wp-content\/uploads\/2023\/09\/T8A3510-Pano-Edit-kopie-scaled.jpg\"><img decoding=\"async\" loading=\"lazy\" width=\"1024\" height=\"623\" src=\"https:\/\/formujemeplzen.zcu.cz\/wp-content\/uploads\/2023\/09\/T8A3510-Pano-Edit-kopie-1024x623.jpg\" alt=\"\" class=\"wp-image-1923\" srcset=\"https:\/\/formujemeplzen.zcu.cz\/wp-content\/uploads\/2023\/09\/T8A3510-Pano-Edit-kopie-1024x623.jpg 1024w, https:\/\/formujemeplzen.zcu.cz\/wp-content\/uploads\/2023\/09\/T8A3510-Pano-Edit-kopie-300x182.jpg 300w, https:\/\/formujemeplzen.zcu.cz\/wp-content\/uploads\/2023\/09\/T8A3510-Pano-Edit-kopie-768x467.jpg 768w, https:\/\/formujemeplzen.zcu.cz\/wp-content\/uploads\/2023\/09\/T8A3510-Pano-Edit-kopie-1536x934.jpg 1536w, https:\/\/formujemeplzen.zcu.cz\/wp-content\/uploads\/2023\/09\/T8A3510-Pano-Edit-kopie-2048x1245.jpg 2048w\" sizes=\"(max-width: 1024px) 100vw, 1024px\" \/><\/a><\/figure>\n<\/div>\n<\/div><\/div>\n\n<div id=\"3\" class=\"wp-block-uagb-container uagb-block-f73fe44c alignfull uagb-is-root-container\"><div class=\"uagb-container-inner-blocks-wrap\">\n<div class=\"wp-block-uagb-container uagb-block-0681e7f3\">\n<div class=\"wp-block-uagb-advanced-heading uagb-block-ff7e1164 citation\"><h6 class=\"uagb-heading-text\">Did you know that&#8230;<\/h6><p class=\"uagb-desc-text\">You can follow us on social media &#8211; <a href=\"https:\/\/www.facebook.com\/fel.zcu.cz\/\" target=\"_blank\" rel=\"noreferrer noopener\">Facebook<\/a>, <a href=\"https:\/\/www.instagram.com\/fel_zcu\/\" target=\"_blank\" rel=\"noreferrer noopener\">Instagram<\/a> and <a href=\"https:\/\/www.linkedin.com\/company\/3341391\/\" target=\"_blank\" rel=\"noreferrer noopener\">LinkedIn<\/a>, and watch our videos on <a href=\"https:\/\/www.youtube.com\/@felzcu\/featured\" target=\"_blank\" rel=\"noreferrer noopener\">YouTube<\/a>?<\/p><\/div>\n<\/div>\n<\/div><\/div>\n","protected":false},"excerpt":{"rendered":"<p>Faculty of electrical engineering We educate technical specialists, work with local companies and support technical education from primary and secondary schools. We are FEE UWB. How do we influence the city and the region? Where are we heading? Our graduates Veronika Lukavsk\u00e1 V\u00e1clav Langheinrich Martin Br\u016fha Did you know that&#8230; Our students and staff can [&hellip;]<\/p>\n","protected":false},"author":2,"featured_media":2892,"parent":0,"menu_order":0,"comment_status":"closed","ping_status":"closed","template":"","meta":{"_uag_custom_page_level_css":""},"blocksy_meta":{"has_hero_section":"disabled","disable_header":"no","disable_footer":"no","disable_share_box":"no"},"uagb_featured_image_src":{"full":["https:\/\/formujemeplzen.zcu.cz\/wp-content\/uploads\/2023\/09\/fel_upraveno.jpg",2560,1440,false],"thumbnail":["https:\/\/formujemeplzen.zcu.cz\/wp-content\/uploads\/2023\/09\/fel_upraveno-150x150.jpg",150,150,true],"medium":["https:\/\/formujemeplzen.zcu.cz\/wp-content\/uploads\/2023\/09\/fel_upraveno-300x169.jpg",300,169,true],"medium_large":["https:\/\/formujemeplzen.zcu.cz\/wp-content\/uploads\/2023\/09\/fel_upraveno-768x432.jpg",768,432,true],"large":["https:\/\/formujemeplzen.zcu.cz\/wp-content\/uploads\/2023\/09\/fel_upraveno-1024x576.jpg",1024,576,true],"1536x1536":["https:\/\/formujemeplzen.zcu.cz\/wp-content\/uploads\/2023\/09\/fel_upraveno-1536x864.jpg",1536,864,true],"2048x2048":["https:\/\/formujemeplzen.zcu.cz\/wp-content\/uploads\/2023\/09\/fel_upraveno-2048x1152.jpg",2048,1152,true]},"uagb_author_info":{"display_name":"Tom\u00e1\u0161 Frank","author_link":"https:\/\/formujemeplzen.zcu.cz\/en\/author\/tomasfrank\/"},"uagb_comment_info":0,"uagb_excerpt":"Faculty of electrical engineering We educate technical specialists, work with local companies and support technical education from primary and secondary schools. We are FEE UWB. How do we influence the city and the region? Where are we heading? Our graduates Veronika Lukavsk\u00e1 V\u00e1clav Langheinrich Martin Br\u016fha Did you know that&#8230; Our students and staff can&hellip;","_links":{"self":[{"href":"https:\/\/formujemeplzen.zcu.cz\/en\/wp-json\/wp\/v2\/pages\/2971"}],"collection":[{"href":"https:\/\/formujemeplzen.zcu.cz\/en\/wp-json\/wp\/v2\/pages"}],"about":[{"href":"https:\/\/formujemeplzen.zcu.cz\/en\/wp-json\/wp\/v2\/types\/page"}],"author":[{"embeddable":true,"href":"https:\/\/formujemeplzen.zcu.cz\/en\/wp-json\/wp\/v2\/users\/2"}],"replies":[{"embeddable":true,"href":"https:\/\/formujemeplzen.zcu.cz\/en\/wp-json\/wp\/v2\/comments?post=2971"}],"version-history":[{"count":9,"href":"https:\/\/formujemeplzen.zcu.cz\/en\/wp-json\/wp\/v2\/pages\/2971\/revisions"}],"predecessor-version":[{"id":3012,"href":"https:\/\/formujemeplzen.zcu.cz\/en\/wp-json\/wp\/v2\/pages\/2971\/revisions\/3012"}],"wp:featuredmedia":[{"embeddable":true,"href":"https:\/\/formujemeplzen.zcu.cz\/en\/wp-json\/wp\/v2\/media\/2892"}],"wp:attachment":[{"href":"https:\/\/formujemeplzen.zcu.cz\/en\/wp-json\/wp\/v2\/media?parent=2971"}],"curies":[{"name":"wp","href":"https:\/\/api.w.org\/{rel}","templated":true}]}}