{"id":2968,"date":"2023-09-05T22:08:36","date_gmt":"2023-09-05T20:08:36","guid":{"rendered":"https:\/\/formujemeplzen.zcu.cz\/faculty-of-economics\/"},"modified":"2024-02-09T19:38:51","modified_gmt":"2024-02-09T18:38:51","slug":"fe","status":"publish","type":"page","link":"https:\/\/formujemeplzen.zcu.cz\/en\/fe\/","title":{"rendered":"Faculty of Economics"},"content":{"rendered":"\n<div id=\"uvod\" class=\"wp-block-uagb-container uagb-block-fd908999 alignfull uagb-is-root-container\"><div class=\"uagb-container-inner-blocks-wrap\">\n<h1 class=\"wp-block-heading instituce-hero has-palette-color-6-color has-text-color\">Faculty of Economics<\/h1>\n\n\n\n<p class=\"instituce-description\">Ekonomov\u00e9 stoj\u00ed v&nbsp;p\u0159edn\u00edch \u0159ad\u00e1ch t\u011bch, kte\u0159\u00ed nesou odpov\u011bdnost za udr\u017eitelnost r\u016fstu a&nbsp;blahobytu lidstva. Dobr\u00fd ekonom je z\u00e1klad ka\u017ed\u00e9 prosperuj\u00edc\u00ed spole\u010dnosti, firmy i&nbsp;instituce. Za v\u00edce ne\u017e 30 let jsme vychovali p\u0159es 10 tis\u00edc takov\u00fdch odborn\u00edk\u016f a&nbsp;odbornic.  <\/p>\n<\/div><\/div>\n\n<div id=\"0\" class=\"wp-block-uagb-container uagb-block-66db18c4 alignfull uagb-is-root-container\"><div class=\"uagb-container-inner-blocks-wrap\">\n<h2 class=\"wp-block-heading\">How do we influence the city and the region?<\/h2>\n\n\n\n<ul class=\"q-list\">\n<li>Our graduates successfully work in important positions in a&nbsp;number of organizations and companies in the Pilsen region and beyond.<\/li>\n\n\n\n<li>Since 1990, we have trained <strong>10,764<\/strong> male and female professionals in <a href=\"https:\/\/www.fek.zcu.cz\/studuj.php?zobraz=bakalarske\" target=\"_blank\" rel=\"noreferrer noopener\">economics<\/a>.<\/li>\n\n\n\n<li>We stimulate interest in modern economic education among the upcoming generation, especially among <a href=\"https:\/\/info.zcu.cz\/clanek.jsp?id=5575\" target=\"_blank\" rel=\"noreferrer noopener\">primary and secondary school students<\/a>.<\/li>\n\n\n\n<li>The Faculty of Economics contributes <a href=\"https:\/\/www.fek.zcu.cz\/vztahy.php\" target=\"_blank\" rel=\"noopener\">significantly to the prosperity and development of the city of Pilsen and the entire region<\/a>.<\/li>\n<\/ul>\n\n\n\n<h2 class=\"wp-block-heading\">Where are we heading?<\/h2>\n\n\n\n<ul class=\"q-list\">\n<li>Ekonomick\u00e1 fakulta v\u00fdznamn\u011b p\u0159isp\u00edv\u00e1 k&nbsp;prosperit\u011b a&nbsp;rozvoji m\u011bsta Plzn\u011b i&nbsp;cel\u00e9ho regionu.<\/li>\n\n\n\n<li>We are consolidating our position as a&nbsp;stable institution providing quality education to top professionals with high moral credentials who will co-create our future.<\/li>\n\n\n\n<li>We are developing <a href=\"https:\/\/mobility.fek.zcu.cz\/\" target=\"_blank\" rel=\"noreferrer noopener\">partnerships with important foreign institutions<\/a> and we will use the results of our cooperation for the benefit of the city of Pilsen and the entire region.<\/li>\n\n\n\n<li>The social demand of the labour market is reflected in the continuous innovation of <a href=\"https:\/\/www.fek.zcu.cz\/studuj.php?zobraz=bakalarske\" target=\"_blank\" rel=\"noreferrer noopener\">study programmes<\/a> and the readiness to provide education to the general public.<\/li>\n<\/ul>\n<\/div><\/div>\n\n<div id=\"1\" class=\"wp-block-uagb-container uagb-block-6fcd4447 alignfull uagb-is-root-container\"><div class=\"uagb-container-inner-blocks-wrap\">\n<div class=\"wp-block-uagb-container uagb-block-b07c6144\">\n<div class=\"wp-block-uagb-container uagb-block-1898020e\">\n<h3 class=\"wp-block-heading has-text-align-center\">Pavel Wimmer<\/h3>\n\n\n\n<figure class=\"wp-block-video\"><video controls=\"\" poster=\"https:\/\/formujemeplzen.zcu.cz\/wp-content\/uploads\/2023\/09\/wimmer-cover-fek.jpg\" src=\"https:\/\/formujemeplzen.zcu.cz\/wp-content\/uploads\/2023\/09\/wimmer_FEK.mp4\"><\/video><\/figure>\n<\/div>\n\n\n\n<div class=\"wp-block-uagb-container uagb-block-37527ff0\">\n<h3 class=\"wp-block-heading has-text-align-center\">Kate\u0159ina RAz\u00fdmov\u00e1<\/h3>\n\n\n\n<figure class=\"wp-block-video\"><video controls=\"\" poster=\"https:\/\/formujemeplzen.zcu.cz\/wp-content\/uploads\/2023\/09\/razymova-cover-fek.jpg\" src=\"https:\/\/formujemeplzen.zcu.cz\/wp-content\/uploads\/2023\/09\/Razymova_FEK.mp4\"><\/video><\/figure>\n<\/div>\n<\/div>\n<\/div><\/div>\n\n<div id=\"1\" class=\"wp-block-uagb-container uagb-block-06823598 alignfull uagb-is-root-container\"><div class=\"uagb-container-inner-blocks-wrap\">\n<h2 class=\"wp-block-heading has-text-align-center\" style=\"text-transform:uppercase\"><strong>Excellent application <\/strong><\/h2>\n<\/div><\/div>\n\n<div id=\"2\" class=\"wp-block-uagb-container full-width-container-image uagb-block-c0c8a9c3 alignfull uagb-is-root-container\">\n<div class=\"wp-block-uagb-container uagb-block-c6cb7cf5\"><\/div>\n\n\n\n<div class=\"wp-block-uagb-container uagb-block-e9d526b2\">\n<div class=\"wp-block-uagb-container uagb-block-bf9323ac\">\n<p>Our graduates have a&nbsp;broad portfolio of employment in the corporate and non-profit sectors, project management, marketing and finance, and regional development. Many of them are now successful businessmen and businesswomen. <\/p>\n<\/div>\n\n\n\n<div class=\"wp-block-uagb-container uagb-block-740b6bcc\">\n<p class=\"text-more\">The Faculty of Economics enables you to obtain i<a href=\"https:\/\/www.youtube.com\/watch?v=vjLQTqLPi1c\" target=\"_blank\" rel=\"noreferrer noopener\">nternational and national certifications in finance, audit<\/a> and <a href=\"https:\/\/www.youtube.com\/watch?v=BVNL53Fiz48\" target=\"_blank\" rel=\"noreferrer noopener\">project management<\/a>. <\/p>\n<\/div>\n\n\n\n<div class=\"wp-block-uagb-container uagb-block-2e105540\">\n<p>Further professional growth is offered through certificate programs <a href=\"https:\/\/www.fek.zcu.cz\/divize.php?shortcutdiv=ds\" target=\"_blank\" rel=\"noreferrer noopener\">Tax Specialist<\/a> in cooperation with BDO or <a href=\"https:\/\/www.bdo.cz\/cs-cz\/kancelare\/pobocka1plzen\" target=\"_blank\" rel=\"noreferrer noopener\">Tourism Manager<\/a>.<\/p>\n<\/div>\n\n\n\n<div class=\"wp-block-uagb-container uagb-block-1dec4ad0\">\n<p>Students can also choose double degree programmes in cooperation with <a href=\"https:\/\/www.youtube.com\/watch?v=FrkP79RwqhQ\" target=\"_blank\" rel=\"noreferrer noopener\">Hochschule Hof in Germany<\/a> or <a href=\"https:\/\/www.youtube.com\/watch?v=ze2-c9Jd3gk&amp;t\" target=\"_blank\" rel=\"noopener\">H\u00e4me University of Applied Sciences in H\u00e4meenlinna, Finland.<\/a><\/p>\n<\/div>\n<\/div>\n<\/div>\n\n<div id=\"3\" class=\"wp-block-uagb-container uagb-block-1ece3995 alignfull uagb-is-root-container\"><div class=\"uagb-container-inner-blocks-wrap\">\n<div class=\"wp-block-uagb-container uagb-block-b48bb220\">\n<h2 class=\"wp-block-heading has-text-align-center\" style=\"text-transform:uppercase\">OUR PROFILE FOCUSES ON<\/h2>\n\n\n\n<ul>\n<li>Economic prosperity and corporate growth,<\/li>\n\n\n\n<li>project management and sustainable business, <\/li>\n\n\n\n<li>economic, social and environmental impacts on the development and competitiveness of cities and regions,<\/li>\n\n\n\n<li>consumer behaviour in the emerging digital society,<\/li>\n\n\n\n<li>human resource management in the context of technological and demographic change,<\/li>\n\n\n\n<li>climate change and water management at municipal level, carbon footprint.<\/li>\n<\/ul>\n\n\n\n<figure class=\"wp-block-image alignfull size-large is-style-default\"><a href=\"https:\/\/formujemeplzen.zcu.cz\/wp-content\/uploads\/2023\/09\/F9-promoce-1024x683.jpg\"><img decoding=\"async\" loading=\"lazy\" width=\"1024\" height=\"683\" src=\"https:\/\/formujemeplzen.zcu.cz\/wp-content\/uploads\/2023\/09\/F9-promoce-1024x683.jpg\" alt=\"\" class=\"wp-image-2169\" srcset=\"https:\/\/formujemeplzen.zcu.cz\/wp-content\/uploads\/2023\/09\/F9-promoce-1024x683.jpg 1024w, https:\/\/formujemeplzen.zcu.cz\/wp-content\/uploads\/2023\/09\/F9-promoce-300x200.jpg 300w, https:\/\/formujemeplzen.zcu.cz\/wp-content\/uploads\/2023\/09\/F9-promoce-768x512.jpg 768w, https:\/\/formujemeplzen.zcu.cz\/wp-content\/uploads\/2023\/09\/F9-promoce-1536x1024.jpg 1536w, https:\/\/formujemeplzen.zcu.cz\/wp-content\/uploads\/2023\/09\/F9-promoce-2048x1366.jpg 2048w\" sizes=\"(max-width: 1024px) 100vw, 1024px\" \/><\/a><\/figure>\n<\/div>\n<\/div><\/div>\n\n<div id=\"5\" class=\"wp-block-uagb-container uagb-block-e985f79a alignfull uagb-is-root-container\"><div class=\"uagb-container-inner-blocks-wrap\">\n<div class=\"wp-block-uagb-container uagb-block-41f09ce9\">\n<div class=\"wp-block-uagb-advanced-heading uagb-block-488bc877 citation\"><h6 class=\"uagb-heading-text\">Did you know that&#8230;<\/h6><p class=\"uagb-desc-text\">Do we cooperate on the <a href=\"https:\/\/www.zdravakrajinapk.cz\/\" target=\"_blank\" rel=\"noreferrer noopener\">Healthy Landscape<\/a> project, which is a&nbsp;long-term activity of the Pilsen Region?<\/p><\/div>\n<\/div>\n<\/div><\/div>\n\n<div id=\"6\" class=\"wp-block-uagb-container uagb-block-fee3e512 alignfull uagb-is-root-container\"><div class=\"uagb-container-inner-blocks-wrap\">\n<div class=\"wp-block-uagb-container uagb-block-42fee2cd\">\n<h2 class=\"wp-block-heading has-text-align-center\" style=\"text-transform:uppercase\">Business makes the world go round<\/h2>\n\n\n\n<p>The <strong><a href=\"https:\/\/www.cepeucko.cz\/\" target=\"_blank\" rel=\"noreferrer noopener\">Centre for Entrepreneurship and Sustainability<\/a><\/strong> at the Faculty of Economics offers a&nbsp;helping hand to the next generation of innovative entrepreneurs.<\/p>\n\n\n\n<p><strong>HOWEVER, THE ACTIVITIES OF THE FACULTY OF ECONOMICS ARE MUCH BROADER.<\/strong><\/p>\n\n\n\n<ul>\n<li><a href=\"https:\/\/www.fek.zcu.cz\/udrzitelnost.php\" target=\"_blank\" rel=\"noreferrer noopener\">We want to be a&nbsp;sustainable and responsible faculty<\/a><\/li>\n<\/ul>\n\n\n\n<figure class=\"wp-block-image size-large\"><a href=\"https:\/\/formujemeplzen.zcu.cz\/wp-content\/uploads\/2023\/09\/3P7A9754-1-1024x683.jpg\"><img decoding=\"async\" loading=\"lazy\" width=\"1024\" height=\"683\" src=\"https:\/\/formujemeplzen.zcu.cz\/wp-content\/uploads\/2023\/09\/3P7A9754-1-1024x683.jpg\" alt=\"\" class=\"wp-image-2173\" srcset=\"https:\/\/formujemeplzen.zcu.cz\/wp-content\/uploads\/2023\/09\/3P7A9754-1-1024x683.jpg 1024w, https:\/\/formujemeplzen.zcu.cz\/wp-content\/uploads\/2023\/09\/3P7A9754-1-300x200.jpg 300w, https:\/\/formujemeplzen.zcu.cz\/wp-content\/uploads\/2023\/09\/3P7A9754-1-768x512.jpg 768w, https:\/\/formujemeplzen.zcu.cz\/wp-content\/uploads\/2023\/09\/3P7A9754-1-1536x1025.jpg 1536w, https:\/\/formujemeplzen.zcu.cz\/wp-content\/uploads\/2023\/09\/3P7A9754-1.jpg 2048w\" sizes=\"(max-width: 1024px) 100vw, 1024px\" \/><\/a><\/figure>\n<\/div>\n<\/div><\/div>\n\n<div id=\"5\" class=\"wp-block-uagb-container uagb-block-44193890 alignfull uagb-is-root-container\"><div class=\"uagb-container-inner-blocks-wrap\">\n<div class=\"wp-block-uagb-container uagb-block-d760db92\">\n<div class=\"wp-block-uagb-advanced-heading uagb-block-bc617745 citation\"><h6 class=\"uagb-heading-text\">Did you know that&#8230;<\/h6><p class=\"uagb-desc-text\"><em>The Faculty of Economics has been organizing the HOMO ECONOMICUS summer school for young promising economists aged 7-15 for 12 years?<\/em> During this time, 250 children have graduated. Now we are also planning a&nbsp;<a href=\"https:\/\/www.fek.zcu.cz\/aktualita.php?zobraz=5727&amp;page=0&amp;IDWorker=0&amp;shortcutdiv=0#5727\" target=\"_blank\" rel=\"noreferrer noopener\">JUNIOR ACADEMY for high school students<\/a>. <\/p><\/div>\n<\/div>\n<\/div><\/div>\n\n<div id=\"6\" class=\"wp-block-uagb-container uagb-block-69c63d15 alignfull uagb-is-root-container\"><div class=\"uagb-container-inner-blocks-wrap\">\n<div class=\"wp-block-uagb-container uagb-block-896c0bf0\">\n<h2 class=\"wp-block-heading has-text-align-center\" style=\"text-transform:uppercase\">With FEK around the world<\/h2>\n\n\n\n<ul>\n<li>Our students can travel to partner universities in <a href=\"https:\/\/mobility.fek.zcu.cz\/\" target=\"_blank\" rel=\"noreferrer noopener\">23 countries on three continents.<\/a><\/li>\n\n\n\n<li>Cooperation with <a href=\"https:\/\/info.zcu.cz\/clanek.jsp?id=5378\" target=\"_blank\" rel=\"noreferrer noopener\">Marquette University (USA)<\/a> has lasted for more than a&nbsp;quarter of a&nbsp;century.<\/li>\n<\/ul>\n\n\n\n<figure class=\"wp-block-image size-large\"><a href=\"https:\/\/formujemeplzen.zcu.cz\/wp-content\/uploads\/2023\/09\/DSC_2404-1024x684.jpg\"><img decoding=\"async\" loading=\"lazy\" width=\"1024\" height=\"684\" src=\"https:\/\/formujemeplzen.zcu.cz\/wp-content\/uploads\/2023\/09\/DSC_2404-1024x684.jpg\" alt=\"\" class=\"wp-image-2170\" srcset=\"https:\/\/formujemeplzen.zcu.cz\/wp-content\/uploads\/2023\/09\/DSC_2404-1024x684.jpg 1024w, https:\/\/formujemeplzen.zcu.cz\/wp-content\/uploads\/2023\/09\/DSC_2404-300x200.jpg 300w, https:\/\/formujemeplzen.zcu.cz\/wp-content\/uploads\/2023\/09\/DSC_2404-768x513.jpg 768w, https:\/\/formujemeplzen.zcu.cz\/wp-content\/uploads\/2023\/09\/DSC_2404-1536x1025.jpg 1536w, https:\/\/formujemeplzen.zcu.cz\/wp-content\/uploads\/2023\/09\/DSC_2404-2048x1367.jpg 2048w\" sizes=\"(max-width: 1024px) 100vw, 1024px\" \/><\/a><\/figure>\n<\/div>\n<\/div><\/div>\n\n<div id=\"5\" class=\"wp-block-uagb-container uagb-block-c309874e alignfull uagb-is-root-container\"><div class=\"uagb-container-inner-blocks-wrap\">\n<div class=\"wp-block-uagb-container uagb-block-6ca053e9\">\n<div class=\"wp-block-uagb-advanced-heading uagb-block-d48b3b6a citation\"><h6 class=\"uagb-heading-text\">Did you know that&#8230;<\/h6><p class=\"uagb-desc-text\">Find everything about the Faculty of Economics on our social networks? For example, on <a href=\"https:\/\/www.facebook.com\/FEK.ZCU\" target=\"_blank\" rel=\"noreferrer noopener\">Facebook<\/a>, <a href=\"https:\/\/www.instagram.com\/fek.zcu\" target=\"_blank\" rel=\"noreferrer noopener\">Instagram<\/a>, <a href=\"http:\/\/linkedin.com\/company\/fekzcu\" target=\"_blank\" rel=\"noreferrer noopener\">LinkedIn<\/a> or <a href=\"https:\/\/www.youtube.com\/@FEK_ZCU\" target=\"_blank\" rel=\"noreferrer noopener\">Youtube<\/a>. <\/p><\/div>\n<\/div>\n<\/div><\/div>\n","protected":false},"excerpt":{"rendered":"<p>Faculty of Economics Ekonomov\u00e9 stoj\u00ed v&nbsp;p\u0159edn\u00edch \u0159ad\u00e1ch t\u011bch, kte\u0159\u00ed nesou odpov\u011bdnost za udr\u017eitelnost r\u016fstu a&nbsp;blahobytu lidstva. Dobr\u00fd ekonom je z\u00e1klad ka\u017ed\u00e9 prosperuj\u00edc\u00ed spole\u010dnosti, firmy i&nbsp;instituce. Za v\u00edce ne\u017e 30 let jsme vychovali p\u0159es 10 tis\u00edc takov\u00fdch odborn\u00edk\u016f a&nbsp;odbornic. How do we influence the city and the region? Where are we heading? Pavel Wimmer Kate\u0159ina RAz\u00fdmov\u00e1 [&hellip;]<\/p>\n","protected":false},"author":2,"featured_media":2893,"parent":0,"menu_order":0,"comment_status":"closed","ping_status":"closed","template":"","meta":{"_uag_custom_page_level_css":""},"blocksy_meta":{"has_hero_section":"disabled","disable_header":"no","disable_footer":"no","disable_share_box":"no"},"uagb_featured_image_src":{"full":["https:\/\/formujemeplzen.zcu.cz\/wp-content\/uploads\/2023\/09\/fek_upraveno.jpg",2560,1440,false],"thumbnail":["https:\/\/formujemeplzen.zcu.cz\/wp-content\/uploads\/2023\/09\/fek_upraveno-150x150.jpg",150,150,true],"medium":["https:\/\/formujemeplzen.zcu.cz\/wp-content\/uploads\/2023\/09\/fek_upraveno-300x169.jpg",300,169,true],"medium_large":["https:\/\/formujemeplzen.zcu.cz\/wp-content\/uploads\/2023\/09\/fek_upraveno-768x432.jpg",768,432,true],"large":["https:\/\/formujemeplzen.zcu.cz\/wp-content\/uploads\/2023\/09\/fek_upraveno-1024x576.jpg",1024,576,true],"1536x1536":["https:\/\/formujemeplzen.zcu.cz\/wp-content\/uploads\/2023\/09\/fek_upraveno-1536x864.jpg",1536,864,true],"2048x2048":["https:\/\/formujemeplzen.zcu.cz\/wp-content\/uploads\/2023\/09\/fek_upraveno-2048x1152.jpg",2048,1152,true]},"uagb_author_info":{"display_name":"Tom\u00e1\u0161 Frank","author_link":"https:\/\/formujemeplzen.zcu.cz\/en\/author\/tomasfrank\/"},"uagb_comment_info":0,"uagb_excerpt":"Faculty of Economics Ekonomov\u00e9 stoj\u00ed v&nbsp;p\u0159edn\u00edch \u0159ad\u00e1ch t\u011bch, kte\u0159\u00ed nesou odpov\u011bdnost za udr\u017eitelnost r\u016fstu a&nbsp;blahobytu lidstva. Dobr\u00fd ekonom je z\u00e1klad ka\u017ed\u00e9 prosperuj\u00edc\u00ed spole\u010dnosti, firmy i&nbsp;instituce. Za v\u00edce ne\u017e 30 let jsme vychovali p\u0159es 10 tis\u00edc takov\u00fdch odborn\u00edk\u016f a&nbsp;odbornic. How do we influence the city and the region? Where are we heading? Pavel Wimmer Kate\u0159ina RAz\u00fdmov\u00e1&hellip;","_links":{"self":[{"href":"https:\/\/formujemeplzen.zcu.cz\/en\/wp-json\/wp\/v2\/pages\/2968"}],"collection":[{"href":"https:\/\/formujemeplzen.zcu.cz\/en\/wp-json\/wp\/v2\/pages"}],"about":[{"href":"https:\/\/formujemeplzen.zcu.cz\/en\/wp-json\/wp\/v2\/types\/page"}],"author":[{"embeddable":true,"href":"https:\/\/formujemeplzen.zcu.cz\/en\/wp-json\/wp\/v2\/users\/2"}],"replies":[{"embeddable":true,"href":"https:\/\/formujemeplzen.zcu.cz\/en\/wp-json\/wp\/v2\/comments?post=2968"}],"version-history":[{"count":2,"href":"https:\/\/formujemeplzen.zcu.cz\/en\/wp-json\/wp\/v2\/pages\/2968\/revisions"}],"predecessor-version":[{"id":2970,"href":"https:\/\/formujemeplzen.zcu.cz\/en\/wp-json\/wp\/v2\/pages\/2968\/revisions\/2970"}],"wp:featuredmedia":[{"embeddable":true,"href":"https:\/\/formujemeplzen.zcu.cz\/en\/wp-json\/wp\/v2\/media\/2893"}],"wp:attachment":[{"href":"https:\/\/formujemeplzen.zcu.cz\/en\/wp-json\/wp\/v2\/media?parent=2968"}],"curies":[{"name":"wp","href":"https:\/\/api.w.org\/{rel}","templated":true}]}}