{"id":2966,"date":"2023-09-05T19:31:39","date_gmt":"2023-09-05T17:31:39","guid":{"rendered":"https:\/\/formujemeplzen.zcu.cz\/ladislav-sutnar-faculty-of-design-and-art\/"},"modified":"2025-10-24T19:57:33","modified_gmt":"2025-10-24T17:57:33","slug":"lsfda","status":"publish","type":"page","link":"https:\/\/formujemeplzen.zcu.cz\/en\/lsfda\/","title":{"rendered":"Ladislav Sutnar Faculty of Design and Art"},"content":{"rendered":"\n<div id=\"uvod\" class=\"wp-block-uagb-container uagb-block-fd908999 alignfull uagb-is-root-container\"><div class=\"uagb-container-inner-blocks-wrap\">\n<h1 class=\"wp-block-heading instituce-hero has-palette-color-6-color has-text-color\">Ladislav Sutnar Faculty of Design and Art<\/h1>\n\n\n\n<p class=\"instituce-description\">We transcend boundaries not only between art forms, between art and technology, between cultures, but also the boundaries of our own limits, our talent, our dreams&#8230;<\/p>\n<\/div><\/div>\n\n<div id=\"0\" class=\"wp-block-uagb-container uagb-block-66db18c4 alignfull uagb-is-root-container\"><div class=\"uagb-container-inner-blocks-wrap\">\n<h2 class=\"wp-block-heading\">How do we influence the city and the region?<\/h2>\n\n\n\n<ul class=\"q-list\">\n<li>We use the local <a href=\"#9\">cultural and historical context<\/a> both in our current work and in the creation of strategic partnerships abroad.<\/li>\n\n\n\n<li>We positively shape the socio-cultural environment of the city and the region, bringing visual quality, innovative solutions, <a href=\"#10\">opening dialogue and supporting communities.<\/a><\/li>\n\n\n\n<li>We cooperate with a&nbsp;wide range of entities on real contracts, thus cultivating not only the public but also the private sector.<\/li>\n\n\n\n<li>We bring prominent artists and other professionals to the region, as well as promising students from across the country and abroad.<\/li>\n<\/ul>\n\n\n\n<h2 class=\"wp-block-heading\">Where are we heading?<\/h2>\n\n\n\n<ul class=\"q-list\">\n<li><a href=\"#11\">We are expanding the circle of cooperating personalities<\/a> from practice and theory, from the country and abroad.<\/li>\n\n\n\n<li>We are strengthening our position on the Czech and international scene. We focus on Europe and the global community. <\/li>\n\n\n\n<li>We strive for excellence in design comparable internationally.<\/li>\n\n\n\n<li>We are building a&nbsp;varied and cultivated environment where aesthetic and moral values form a&nbsp;whole.<\/li>\n<\/ul>\n<\/div><\/div>\n\n<div id=\"1\" class=\"wp-block-uagb-container uagb-block-06823598 alignfull uagb-is-root-container\"><div class=\"uagb-container-inner-blocks-wrap\">\n<h2 class=\"wp-block-heading has-text-align-center\" style=\"text-transform:uppercase\">What you may not have known about our faculty<\/h2>\n<\/div><\/div>\n\n<div id=\"2\" class=\"wp-block-uagb-container full-width-container-image uagb-block-c0c8a9c3 alignfull uagb-is-root-container\">\n<div class=\"wp-block-uagb-container uagb-block-c6cb7cf5\"><\/div>\n\n\n\n<div class=\"wp-block-uagb-container uagb-block-e9d526b2\">\n<div class=\"wp-block-uagb-container uagb-block-bf9323ac\">\n<p><strong>Only 10 tram stops separate<\/strong> our Ladislav Sutnar Gallery in the centre of Pilsen and the Incubator Gallery in the Sutnarka building. The GAFA exhibition space in the DEPO2015 creative zone and other venues are used for the presentation of students&#8217; works. In addition, we regularly organize exhibitions in cooperation with other entities.  <\/p>\n<\/div>\n\n\n\n<div class=\"wp-block-uagb-container uagb-block-4d4a7855\">\n<p class=\"text-more\">In 2026, the 20th anniversary edition of <a href=\"https:\/\/www.fdu.zcu.cz\/cs\/ArtCamp\/\" target=\"_blank\" rel=\"noopener\">the ArtCamp international summer school<\/a> of art will take place. Every year, courses for the public are attended by interested parties from the Pilsen region, the Czech Republic, and abroad. If we add up all the editions, ArtCamp has lasted 58 weeks so far, offered 572 courses, and hosted 6,148 participants.   <\/p>\n<\/div>\n<\/div>\n<\/div>\n\n<div id=\"3\" class=\"wp-block-uagb-container uagb-block-27687617 alignfull uagb-is-root-container\"><div class=\"uagb-container-inner-blocks-wrap\">\n<h2 class=\"wp-block-heading has-text-align-center\" style=\"text-transform:uppercase\">Jan Dienstbier<\/h2>\n\n\n\n<figure class=\"wp-block-video\"><video controls=\"\" poster=\"https:\/\/formujemeplzen.zcu.cz\/wp-content\/uploads\/2023\/10\/dienstbierl-cover-fduls.jpg\" src=\"https:\/\/formujemeplzen.zcu.cz\/wp-content\/uploads\/2023\/09\/Dientsbier_FDULS.mp4\"><\/video><\/figure>\n<\/div><\/div>\n\n<div id=\"4\" class=\"wp-block-uagb-container uagb-block-1ece3995 alignfull uagb-is-root-container\"><div class=\"uagb-container-inner-blocks-wrap\">\n<div class=\"wp-block-uagb-container uagb-block-b48bb220\">\n<h2 class=\"wp-block-heading has-text-align-center\" style=\"text-transform:uppercase\">What makes us stand out<\/h2>\n\n\n\n<ul>\n<li>Profiling creative activities towards <a href=\"https:\/\/www.fdu.zcu.cz\/cs\/Projects\/InterdisciplinaryProjects.html\" target=\"_blank\" rel=\"noreferrer noopener\">interdisciplinary projects<\/a> that naturally connect with different scientific disciplines, especially in the field of technical, natural and social sciences. Key research topics are <a href=\"https:\/\/www.fdu.zcu.cz\/cs\/Research\/ResearchAndCreativeActivity\/index.html\" target=\"_blank\" rel=\"noreferrer noopener\">mobility and sustainable design<\/a>.<\/li>\n\n\n\n<li>It is a&nbsp;unique concentration of <a href=\"https:\/\/www.fdu.zcu.cz\/cs\/Faculty\/Departments\/\" target=\"_blank\" rel=\"noreferrer noopener\">artists from many disciplines<\/a> and places in the country who shape the young generation in creative dialogue.<\/li>\n\n\n\n<li><a href=\"#5\">Artistic outputs<\/a> that are positively evaluated by experts at home and abroad, and at the same time understandable to the lay public.<\/li>\n<\/ul>\n<\/div>\n<\/div><\/div>\n\n<div id=\"5\" class=\"wp-block-uagb-container uagb-block-031e8b01 alignfull uagb-is-root-container\"><div class=\"uagb-container-inner-blocks-wrap\">\n<div class=\"wp-block-uagb-container uagb-block-535b73f8\"><\/div>\n<\/div><\/div>\n\n<div id=\"6\" class=\"wp-block-uagb-container uagb-block-b7d128ee alignfull uagb-is-root-container\"><div class=\"uagb-container-inner-blocks-wrap\">\n<h2 class=\"wp-block-heading has-text-align-center\" style=\"text-transform:uppercase\">Artistic creative activity<\/h2>\n<\/div><\/div>\n\n<div id=\"7\" class=\"wp-block-uagb-container full-width-container-image uagb-block-f00f15d6 alignfull uagb-is-root-container\">\n<div class=\"wp-block-uagb-container uagb-block-bbfabefc\"><\/div>\n\n\n\n<div class=\"wp-block-uagb-container uagb-block-f85a104e\">\n<div class=\"wp-block-uagb-container uagb-block-f193bde3\">\n<p class=\"text-more\">Representation on <strong><a href=\"https:\/\/info.zcu.cz\/Z-Plzne-do-Osaky--Komiks-Hikobae-miri-na-svetovou-vystavu\/clanek.jsp?id=8203\" target=\"_blank\" rel=\"noopener\">EXPO2025<\/a> <\/strong>\u2013 HIKOBAE<\/p>\n<\/div>\n\n\n\n<div class=\"wp-block-uagb-container uagb-block-ae401b1f\">\n<p class=\"text-more\">Audiovisual achievements at na<a href=\"https:\/\/info.zcu.cz\/Antopolis-boduje--Jak-se-na-Sutnarce-uci-herni-design-\/clanek.jsp?id=8288\" target=\"_blank\" rel=\"noopener\"><strong> Anifilm<\/strong><\/a><\/p>\n<\/div>\n\n\n\n<div class=\"wp-block-uagb-container uagb-block-28df1012\">\n<p class=\"text-more\">Awards for Fashion Design studio students at <strong><a href=\"https:\/\/info.zcu.cz\/Bez-jadra-to-nepujde--Jaderne-dny-na-ZCU-resi-blackouty--Dukovany-i-boj-o-experty\/clanek.jsp?id=8460\" target=\"_blank\" rel=\"noopener\">STYL a&nbsp;KABO<\/a><\/strong> in Brno<\/p>\n<\/div>\n\n\n\n<div class=\"wp-block-uagb-container uagb-block-6bf15c16\">\n<p class=\"text-more\">Visual identity for <a href=\"https:\/\/info.zcu.cz\/Zapadoceske-baroko-ma-novy-vizual--Stoji-za-nim-studentka-Sutnarky\/clanek.jsp?id=8283\" target=\"_blank\" rel=\"noopener\">the West Bohemian Baroque Festival<\/a> and logo for the 2027 <a href=\"https:\/\/info.zcu.cz\/Sumavsky-Spicak-v-logu-Zimni-olympiady-deti-a-mladeze-2027--Navrhla-ho-studentka-Sutnarky\/clanek.jsp?id=8190\" target=\"_blank\" rel=\"noopener\">Winter Olympics for Children and Youth <\/a>by graphic design students.<\/p>\n<\/div>\n\n\n\n<div class=\"wp-block-uagb-container uagb-block-5ea158bb\">\n<p class=\"text-more\"><a href=\"https:\/\/www.czechdesign.cz\/temata-a-rubriky\/kdyz-merch-dava-smysl-darkove-predmety-pro-plzensky-kraj-navrhla-designerka-ze-sutnarky-zrecyklovala-stare-magaziny\" target=\"_blank\" rel=\"noopener\">Gift items<\/a> for the Pilsen Region by a&nbsp;design graduate<\/p>\n<\/div>\n\n\n\n<div class=\"wp-block-uagb-container uagb-block-34e83423\">\n<p class=\"text-more\">Illustration graduate&#8217;s&nbsp;book nominated for <a href=\"https:\/\/info.zcu.cz\/Uspech-ceske-ilustrace--Kniha-Zacatek-a-konec-je-v-uzsim-vyberu-Bologna-Ragazzi-Award-\/clanek.jsp?id=7956\" target=\"_blank\" rel=\"noopener\"><strong>Bologna Ragazzi Award<\/strong><\/a><\/p>\n<\/div>\n\n\n\n<div class=\"wp-block-uagb-container uagb-block-8168e19b\">\n<p class=\"text-more\"><a href=\"https:\/\/info.zcu.cz\/Fotografka-zivota-bez-prikras-v-Sini-slavy--Libuse-Jarcovjakova-uci-na-Sutnarce\/clanek.jsp?id=7937\" target=\"_blank\" rel=\"noopener\"><strong>Photographer Libu\u0161e Jarcovj\u00e1kov\u00e1 inducted into the Czech Design Hall of Fame<\/strong><\/a><\/p>\n<\/div>\n\n\n\n<div class=\"wp-block-uagb-container uagb-block-22c17f29\">\n<p class=\"text-more\"><a href=\"https:\/\/info.zcu.cz\/Mind-Canvas-Square--Baletni-performance--ktera-divaky-provede-Sutnarkou\/clanek.jsp?id=7906\" target=\"_blank\" rel=\"noopener\"><strong>Staging Mind Canvas Square<\/strong><\/a><\/p>\n<\/div>\n\n\n\n<div class=\"wp-block-uagb-container uagb-block-e3790962\">\n<p class=\"text-more\">Project <a href=\"https:\/\/info.zcu.cz\/Vestonicka-venuse-autory-stale-pritahuje-a-inspiruje--rika-kuratorka-Daniela-Kramerova-\/clanek.jsp?id=7842\" target=\"_blank\" rel=\"noopener\"><strong>Venus Today<\/strong><\/a><\/p>\n<\/div>\n\n\n\n<div class=\"wp-block-uagb-container uagb-block-28ccb467\">\n<p><a href=\"https:\/\/info.zcu.cz\/Plzen-si-pripomina-10-let-od-titulu-Evropske-hlavni-mesto-kultury--Sutnarka-bude-u-toho\/clanek.jsp?id=7712\" target=\"_blank\" rel=\"noopener\"><strong>Commemoration of 10 years since Plze\u0148 was named European Capital of Culture<\/strong><\/a><\/p>\n<\/div>\n<\/div>\n<\/div>\n\n<div id=\"8\" class=\"wp-block-uagb-container uagb-block-f54c3450 alignfull uagb-is-root-container\"><div class=\"uagb-container-inner-blocks-wrap\">\n<h2 class=\"wp-block-heading has-text-align-center\" style=\"text-transform:uppercase\">Marcela Vost\u0159elov\u00e1<\/h2>\n\n\n\n<figure class=\"wp-block-video\"><video controls=\"\" poster=\"https:\/\/formujemeplzen.zcu.cz\/wp-content\/uploads\/2023\/09\/vostrelova-cover-fduls.jpg\" src=\"https:\/\/formujemeplzen.zcu.cz\/wp-content\/uploads\/2023\/09\/vostrelova_fduls.mp4\"><\/video><\/figure>\n<\/div><\/div>\n\n<div class=\"wp-block-group is-layout-constrained\">\n<div class=\"wp-block-uagb-container uagb-block-5612b7ad alignfull uagb-is-root-container\"><div class=\"uagb-container-inner-blocks-wrap\">\n<div class=\"wp-block-uagb-container uagb-block-b79caa69\">\n<h2 class=\"wp-block-heading has-text-align-center\">DOCTORAL RESEARCH<\/h2>\n<\/div>\n\n\n\n<div class=\"wp-block-group is-layout-constrained\">\n<ul>\n<li><a href=\"https:\/\/info.zcu.cz\/Tisicileta-tradice-v-laboratori--Jak-doktorandi-na-Sutnarce-lusti-tajemstvi-keramickych-glazur-\/clanek.jsp?id=8147\" target=\"_blank\" rel=\"noreferrer noopener\"><strong>A thousand-year tradition in the laboratory<\/strong><\/a><\/li>\n<\/ul>\n\n\n\n<ul>\n<li><a href=\"https:\/\/info.zcu.cz\/Kdyz-se-realita-rozpadne--Jak-virtualni-svet-hackuje-nase-vedomi\/clanek.jsp?id=8294\" target=\"_blank\" rel=\"noreferrer noopener\"><strong>When reality falls apart<\/strong><\/a><\/li>\n<\/ul>\n\n\n\n<ul>\n<li><a href=\"https:\/\/info.zcu.cz\/Selfies--ktera-o-nas-rikaji-vic-nez-my-sami--Kristina-Zejkanova-zkouma-identitu-za-zrcadlem-\/clanek.jsp?id=8372\" target=\"_blank\" rel=\"noreferrer noopener\"><strong>Selfies that say more about us than we do ourselves<\/strong><\/a><\/li>\n<\/ul>\n\n\n\n<ul>\n<li><a href=\"https:\/\/info.zcu.cz\/clanek.jsp?id=8397&amp;lang=cs\" target=\"_blank\" rel=\"noreferrer noopener\"><strong>The artistic representation of bodily reactions<\/strong><\/a><\/li>\n<\/ul>\n<\/div>\n<\/div><\/div>\n<\/div>\n\n<div id=\"9\" class=\"wp-block-uagb-container uagb-block-4e90b99b alignfull uagb-is-root-container\"><div class=\"uagb-container-inner-blocks-wrap\">\n<div class=\"wp-block-uagb-container uagb-block-df2de2a5\">\n<h2 class=\"wp-block-heading has-text-align-center\" style=\"text-transform:uppercase\">Cultural and historical context<\/h2>\n\n\n\n<ul>\n<li>The Ladislav Sutnar Faculty of Design and Art develops the legacy of two important Pilsen natives &#8211; <a href=\"https:\/\/www.fdu.zcu.cz\/cs\/Faculty\/LadislavSutnar\/\" target=\"_blank\" rel=\"noopener\">Ladislav Sutnar<\/a> and <a href=\"https:\/\/www.fdu.zcu.cz\/cs\/Research\/SpecialEvents\/JiriTrnka.html\" target=\"_blank\" rel=\"noreferrer noopener\">Ji\u0159\u00ed Trnka<\/a>.<\/li>\n<\/ul>\n<\/div>\n<\/div><\/div>\n\n<div id=\"8\" class=\"wp-block-uagb-container uagb-block-a864e850 alignfull uagb-is-root-container\"><div class=\"uagb-container-inner-blocks-wrap\">\n<h2 class=\"wp-block-heading has-text-align-center\" style=\"text-transform:uppercase\">LADISLAV SUTNAR PRIZE<\/h2>\n\n\n\n<figure class=\"wp-block-embed is-type-video is-provider-youtube wp-block-embed-youtube wp-embed-aspect-16-9 wp-has-aspect-ratio\"><div class=\"wp-block-embed__wrapper\">\n<iframe loading=\"lazy\" title=\"Cena Ladislava Sutnara \/ Ladislav Sutnar Prize 2024\" width=\"1290\" height=\"726\" src=\"https:\/\/www.youtube.com\/embed\/w68hVcQ5h3w?feature=oembed\" frameborder=\"0\" allow=\"accelerometer; autoplay; clipboard-write; encrypted-media; gyroscope; picture-in-picture; web-share\" referrerpolicy=\"strict-origin-when-cross-origin\" allowfullscreen><\/iframe>\n<\/div><\/figure>\n<\/div><\/div>\n\n<div id=\"10\" class=\"wp-block-uagb-container uagb-block-d2317832 alignfull uagb-is-root-container\"><div class=\"uagb-container-inner-blocks-wrap\">\n<div class=\"wp-block-uagb-container uagb-block-cf7329dc\">\n<h2 class=\"wp-block-heading has-text-align-center\" style=\"text-transform:uppercase\">WE DEVELOP DIALOGUE WITH THE PUBLIC AND ESTABLISH COOPERATION WITH EXPERTS<\/h2>\n\n\n\n<ul>\n<li>As is the case for the entire university, communication with the public and cooperation with the professional sphere represent an important area of educational and research activities for our faculty. In line with our focus, we are also committed to cultivating the public space, both in its material form and on a&nbsp;spiritual level. <\/li>\n\n\n\n<li>For applicants, we have prepared the <a href=\"https:\/\/www.fdu.zcu.cz\/cs\/Admission\/start-your-journey.html\" target=\"_blank\" rel=\"noopener\">Path to Sutnarka<\/a>, which includes interconnected initiatives such as DEMO entrance exams, Open House, Teendesign, as well as <a href=\"https:\/\/www.fdu.zcu.cz\/cs\/Admission\/MoreStudies\/index.html\" target=\"_blank\" rel=\"noopener\">art courses for the public<\/a> and the international summer art school <a href=\"https:\/\/www.fdu.zcu.cz\/cs\/ArtCamp\/index.html\" target=\"_blank\" rel=\"noopener\">ArtCamp<\/a>. We also offer a&nbsp;range of events to a&nbsp;wider audience \u2013 in addition to the courses already mentioned, these include exhibitions with guided tours and accompanying programs in <a href=\"https:\/\/www.fdu.zcu.cz\/cs\/Exhibitions\/\" target=\"_blank\" rel=\"noopener\">our own galleries<\/a> (Ladislav Sutnar Gallery, Inkub\u00e1tor Gallery, and GAFA) and other institutions. <\/li>\n\n\n\n<li>We are continuously involved in joint international and domestic projects. At the level of the Czech Republic, we cooperate with organizations established by the statutory city of Pilsen, its municipal districts, the Pilsen and Karlovy Vary regions, as well as with entities in their territories or in other regions whose activities exceed the local framework and develop at the national and transnational levels. The faculty also acts as a&nbsp;host entity, providing venues for cultural and social events such as screenings of the One World International Film Festival or the final concert of the Pilsen Student Symphony Orchestra. These activities reflect the faculty&#8217;s&nbsp;extensive international cooperation, thanks to which it is now perceived as a&nbsp;respected academic institution both abroad and at home, enriched by leading designers, artists, and theorists from around the world.   <\/li>\n<\/ul>\n<\/div>\n<\/div><\/div>\n\n<div id=\"11\" class=\"wp-block-uagb-container uagb-block-61834cf1 alignfull uagb-is-root-container\"><div class=\"uagb-container-inner-blocks-wrap\">\n<div class=\"wp-block-uagb-container uagb-block-b87a1d81\">\n<h2 class=\"wp-block-heading has-text-align-center\" style=\"text-transform:uppercase\">We are expanding the circle of cooperating personalities<\/h2>\n\n\n\n<p><strong>The teaching is complemented by lectures and workshops given by prominent figures from the Czech Republic, Europe, and overseas, who also attend the annual Ladislav Sutnar Award ceremony and participate in three international symposia held at various intervals, as well as the aforementioned ArtCamp international summer school of art.<\/strong><\/p>\n\n\n\n<h4 class=\"wp-block-heading\"><a href=\"https:\/\/www.fdu.zcu.cz\/cs\/Faculty\/LadislavSutnar\/LadislavSutnarPrize\/\" target=\"_blank\" rel=\"noopener\">Ladislav Sutnar Prize<\/a><\/h4>\n\n\n\n<ul>\n<li>Awards for distinguished Czech and foreign artists, educators, and institutions for outstanding achievements, particularly in the field of applied arts and design<\/li>\n<\/ul>\n\n\n\n<h4 class=\"wp-block-heading\"><a href=\"https:\/\/www.fdu.zcu.cz\/cs\/Research\/SpecialEvents\/PhotoSymposium.html\" target=\"_blank\" rel=\"noopener\">Boundaries<\/a><\/h4>\n\n\n\n<ul>\n<li>Photographic and Time-Based Media Symposium<\/li>\n<\/ul>\n\n\n\n<h4 class=\"wp-block-heading\"><a href=\"https:\/\/www.fdu.zcu.cz\/cs\/Research\/SpecialEvents\/JiriTrnka.html\" target=\"_blank\" rel=\"noopener\">jI\u0158\u00cd TRNKA INTERNATIONAL SYMPOSIUM<\/a><\/h4>\n\n\n\n<ul>\n<li>Symposium focused on illustration and animation<\/li>\n<\/ul>\n\n\n\n<h4 class=\"wp-block-heading\"><a href=\"https:\/\/info.zcu.cz\/clanek.jsp?id=5474\" target=\"_blank\" rel=\"noopener\">Livingstone<\/a><\/h4>\n\n\n\n<ul>\n<li>Symposium on large-format lithography<\/li>\n<\/ul>\n<\/div>\n<\/div><\/div>\n\n<div id=\"8\" class=\"wp-block-uagb-container uagb-block-4d144c23 alignfull uagb-is-root-container\"><div class=\"uagb-container-inner-blocks-wrap\">\n<h2 class=\"wp-block-heading has-text-align-center\" style=\"text-transform:uppercase\">International Summer School of Art<\/h2>\n\n\n\n<figure class=\"wp-block-embed is-type-video is-provider-youtube wp-block-embed-youtube wp-embed-aspect-16-9 wp-has-aspect-ratio\"><div class=\"wp-block-embed__wrapper\">\n<iframe loading=\"lazy\" title=\"ArtCamp 2025 \/ letn\u00ed \u0161kola um\u011bn\u00ed na Sutnarce v Plzni\" width=\"1290\" height=\"726\" src=\"https:\/\/www.youtube.com\/embed\/ZVlPMRKBJ7Q?start=4&#038;feature=oembed\" frameborder=\"0\" allow=\"accelerometer; autoplay; clipboard-write; encrypted-media; gyroscope; picture-in-picture; web-share\" referrerpolicy=\"strict-origin-when-cross-origin\" allowfullscreen><\/iframe>\n<\/div><\/figure>\n<\/div><\/div>\n","protected":false},"excerpt":{"rendered":"<p>Ladislav Sutnar Faculty of Design and Art We transcend boundaries not only between art forms, between art and technology, between cultures, but also the boundaries of our own limits, our talent, our dreams&#8230; How do we influence the city and the region? Where are we heading? What you may not have known about our faculty [&hellip;]<\/p>\n","protected":false},"author":2,"featured_media":2894,"parent":0,"menu_order":0,"comment_status":"closed","ping_status":"closed","template":"","meta":{"_uag_custom_page_level_css":""},"blocksy_meta":{"has_hero_section":"disabled","disable_header":"no","disable_footer":"no","disable_share_box":"no"},"uagb_featured_image_src":{"full":["https:\/\/formujemeplzen.zcu.cz\/wp-content\/uploads\/2023\/09\/fduls_upraveno.jpg",2560,1440,false],"thumbnail":["https:\/\/formujemeplzen.zcu.cz\/wp-content\/uploads\/2023\/09\/fduls_upraveno-150x150.jpg",150,150,true],"medium":["https:\/\/formujemeplzen.zcu.cz\/wp-content\/uploads\/2023\/09\/fduls_upraveno-300x169.jpg",300,169,true],"medium_large":["https:\/\/formujemeplzen.zcu.cz\/wp-content\/uploads\/2023\/09\/fduls_upraveno-768x432.jpg",768,432,true],"large":["https:\/\/formujemeplzen.zcu.cz\/wp-content\/uploads\/2023\/09\/fduls_upraveno-1024x576.jpg",1024,576,true],"1536x1536":["https:\/\/formujemeplzen.zcu.cz\/wp-content\/uploads\/2023\/09\/fduls_upraveno-1536x864.jpg",1536,864,true],"2048x2048":["https:\/\/formujemeplzen.zcu.cz\/wp-content\/uploads\/2023\/09\/fduls_upraveno-2048x1152.jpg",2048,1152,true]},"uagb_author_info":{"display_name":"Tom\u00e1\u0161 Frank","author_link":"https:\/\/formujemeplzen.zcu.cz\/en\/author\/tomasfrank\/"},"uagb_comment_info":0,"uagb_excerpt":"Ladislav Sutnar Faculty of Design and Art We transcend boundaries not only between art forms, between art and technology, between cultures, but also the boundaries of our own limits, our talent, our dreams&#8230; How do we influence the city and the region? Where are we heading? What you may not have known about our faculty&hellip;","_links":{"self":[{"href":"https:\/\/formujemeplzen.zcu.cz\/en\/wp-json\/wp\/v2\/pages\/2966"}],"collection":[{"href":"https:\/\/formujemeplzen.zcu.cz\/en\/wp-json\/wp\/v2\/pages"}],"about":[{"href":"https:\/\/formujemeplzen.zcu.cz\/en\/wp-json\/wp\/v2\/types\/page"}],"author":[{"embeddable":true,"href":"https:\/\/formujemeplzen.zcu.cz\/en\/wp-json\/wp\/v2\/users\/2"}],"replies":[{"embeddable":true,"href":"https:\/\/formujemeplzen.zcu.cz\/en\/wp-json\/wp\/v2\/comments?post=2966"}],"version-history":[{"count":2,"href":"https:\/\/formujemeplzen.zcu.cz\/en\/wp-json\/wp\/v2\/pages\/2966\/revisions"}],"predecessor-version":[{"id":3131,"href":"https:\/\/formujemeplzen.zcu.cz\/en\/wp-json\/wp\/v2\/pages\/2966\/revisions\/3131"}],"wp:featuredmedia":[{"embeddable":true,"href":"https:\/\/formujemeplzen.zcu.cz\/en\/wp-json\/wp\/v2\/media\/2894"}],"wp:attachment":[{"href":"https:\/\/formujemeplzen.zcu.cz\/en\/wp-json\/wp\/v2\/media?parent=2966"}],"curies":[{"name":"wp","href":"https:\/\/api.w.org\/{rel}","templated":true}]}}